{"id":96199,"date":"2025-09-29T10:03:18","date_gmt":"2025-09-29T10:03:18","guid":{"rendered":"https:\/\/casafreitas.pt\/loja\/produto\/pano-pro-clean-microfibre-21\/"},"modified":"2025-10-24T01:21:47","modified_gmt":"2025-10-24T01:21:47","slug":"pano-pro-clean-microfibre-21","status":"publish","type":"product","link":"https:\/\/casafreitas.pt\/loja\/produto\/pano-pro-clean-microfibre-21\/","title":{"rendered":"Pano pro clean microfibre 2+1"},"content":{"rendered":"","protected":false},"excerpt":{"rendered":"<p>Pano multiuso que utiliza enzimas naturais para manter o produto limpo e higi\u00eanico por mais tempo, sem o uso de produtos qu\u00edmicos. dimens\u00f5es: 34 x 30 cm<\/p>\n","protected":false},"featured_media":96198,"comment_status":"open","ping_status":"closed","template":"","meta":[],"product_brand":[],"product_cat":[17928,18010],"product_tag":[],"class_list":{"0":"post-96199","1":"product","2":"type-product","3":"status-publish","4":"has-post-thumbnail","6":"product_cat-roupas-esfregadas-limpeza-e-higiene-pessoal","7":"product_cat-limpeza-higiene-pessoal","9":"first","10":"instock","11":"taxable","12":"shipping-taxable","13":"purchasable","14":"product-type-simple"},"_links":{"self":[{"href":"https:\/\/casafreitas.pt\/loja\/wp-json\/wp\/v2\/product\/96199","targetHints":{"allow":["GET"]}}],"collection":[{"href":"https:\/\/casafreitas.pt\/loja\/wp-json\/wp\/v2\/product"}],"about":[{"href":"https:\/\/casafreitas.pt\/loja\/wp-json\/wp\/v2\/types\/product"}],"replies":[{"embeddable":true,"href":"https:\/\/casafreitas.pt\/loja\/wp-json\/wp\/v2\/comments?post=96199"}],"version-history":[{"count":1,"href":"https:\/\/casafreitas.pt\/loja\/wp-json\/wp\/v2\/product\/96199\/revisions"}],"predecessor-version":[{"id":96200,"href":"https:\/\/casafreitas.pt\/loja\/wp-json\/wp\/v2\/product\/96199\/revisions\/96200"}],"wp:featuredmedia":[{"embeddable":true,"href":"https:\/\/casafreitas.pt\/loja\/wp-json\/wp\/v2\/media\/96198"}],"wp:attachment":[{"href":"https:\/\/casafreitas.pt\/loja\/wp-json\/wp\/v2\/media?parent=96199"}],"wp:term":[{"taxonomy":"product_brand","embeddable":true,"href":"https:\/\/casafreitas.pt\/loja\/wp-json\/wp\/v2\/product_brand?post=96199"},{"taxonomy":"product_cat","embeddable":true,"href":"https:\/\/casafreitas.pt\/loja\/wp-json\/wp\/v2\/product_cat?post=96199"},{"taxonomy":"product_tag","embeddable":true,"href":"https:\/\/casafreitas.pt\/loja\/wp-json\/wp\/v2\/product_tag?post=96199"}],"curies":[{"name":"wp","href":"https:\/\/api.w.org\/{rel}","templated":true}]}}