{"id":96154,"date":"2025-09-29T10:00:25","date_gmt":"2025-09-29T10:00:25","guid":{"rendered":"https:\/\/casafreitas.pt\/loja\/produto\/esfregao-esponja-glitzi-colors-21\/"},"modified":"2025-10-24T01:21:36","modified_gmt":"2025-10-24T01:21:36","slug":"esfregao-esponja-glitzi-colors-21","status":"publish","type":"product","link":"https:\/\/casafreitas.pt\/loja\/produto\/esfregao-esponja-glitzi-colors-21\/","title":{"rendered":"Esfreg\u00e3o esponja glitzi colors 2+1"},"content":{"rendered":"","protected":false},"excerpt":{"rendered":"<p>Esfreg\u00e3o esponja de poliuretano sint\u00e9tico em tr\u00eas cores. ideal para m\u00faltiplas superf\u00edcies, combina resist\u00eancia e efici\u00eancia para uma limpeza \u00f3ptima em cada utiliza\u00e7\u00e3o. o seu tratamento antibacteriano reduz o desenvolvimento de bact\u00e9rias em 99,9%, garantindo uma maior durabilidade e ajudando a prevenir mau odores<\/p>\n","protected":false},"featured_media":96153,"comment_status":"open","ping_status":"closed","template":"","meta":[],"product_brand":[],"product_cat":[17928,18010],"product_tag":[],"class_list":{"0":"post-96154","1":"product","2":"type-product","3":"status-publish","4":"has-post-thumbnail","6":"product_cat-roupas-esfregadas-limpeza-e-higiene-pessoal","7":"product_cat-limpeza-higiene-pessoal","9":"first","10":"instock","11":"taxable","12":"shipping-taxable","13":"purchasable","14":"product-type-simple"},"_links":{"self":[{"href":"https:\/\/casafreitas.pt\/loja\/wp-json\/wp\/v2\/product\/96154","targetHints":{"allow":["GET"]}}],"collection":[{"href":"https:\/\/casafreitas.pt\/loja\/wp-json\/wp\/v2\/product"}],"about":[{"href":"https:\/\/casafreitas.pt\/loja\/wp-json\/wp\/v2\/types\/product"}],"replies":[{"embeddable":true,"href":"https:\/\/casafreitas.pt\/loja\/wp-json\/wp\/v2\/comments?post=96154"}],"version-history":[{"count":1,"href":"https:\/\/casafreitas.pt\/loja\/wp-json\/wp\/v2\/product\/96154\/revisions"}],"predecessor-version":[{"id":96155,"href":"https:\/\/casafreitas.pt\/loja\/wp-json\/wp\/v2\/product\/96154\/revisions\/96155"}],"wp:featuredmedia":[{"embeddable":true,"href":"https:\/\/casafreitas.pt\/loja\/wp-json\/wp\/v2\/media\/96153"}],"wp:attachment":[{"href":"https:\/\/casafreitas.pt\/loja\/wp-json\/wp\/v2\/media?parent=96154"}],"wp:term":[{"taxonomy":"product_brand","embeddable":true,"href":"https:\/\/casafreitas.pt\/loja\/wp-json\/wp\/v2\/product_brand?post=96154"},{"taxonomy":"product_cat","embeddable":true,"href":"https:\/\/casafreitas.pt\/loja\/wp-json\/wp\/v2\/product_cat?post=96154"},{"taxonomy":"product_tag","embeddable":true,"href":"https:\/\/casafreitas.pt\/loja\/wp-json\/wp\/v2\/product_tag?post=96154"}],"curies":[{"name":"wp","href":"https:\/\/api.w.org\/{rel}","templated":true}]}}