{"id":96142,"date":"2025-09-29T09:59:35","date_gmt":"2025-09-29T09:59:35","guid":{"rendered":"https:\/\/casafreitas.pt\/loja\/produto\/desentupidor-soda-unclog-ultra-1l-c02406-unecol\/"},"modified":"2025-10-28T23:38:44","modified_gmt":"2025-10-28T23:38:44","slug":"desentupidor-soda-unclog-ultra-1l-c02406-unecol","status":"publish","type":"product","link":"https:\/\/casafreitas.pt\/loja\/produto\/desentupidor-soda-unclog-ultra-1l-c02406-unecol\/","title":{"rendered":"Desentupidor soda unclog ultra 1l c02406 unecol"},"content":{"rendered":"","protected":false},"excerpt":{"rendered":"<p>Desentupidor soda unclog ultra 1l c02406; poderoso desentupidor alcalino \u00e0 base de 50% de hidr\u00f3xido de s\u00f3dio. capaz de remover golpeias e mau odor produzidos por restos de materiais org\u00e2nicos, como panos, alimentos, celulose, papel, cabelos, sab\u00f5es, gorduras e detergentes. a sua utiliza\u00e7\u00e3o mensal evita a forma\u00e7\u00e3o de blocos e o aparecimento de mau odores nos ralos. n\u00e3o ataca os tubos da canaliza\u00e7\u00e3o ou fossas s\u00e9pticas. pode danificar certos materiais. unecol<\/p>\n","protected":false},"featured_media":96141,"comment_status":"open","ping_status":"closed","template":"","meta":[],"product_brand":[],"product_cat":[17890,18010],"product_tag":[],"class_list":{"0":"post-96142","1":"product","2":"type-product","3":"status-publish","4":"has-post-thumbnail","6":"product_cat-desentupidores-desincrustantes-industrial-limpeza-e-higiene-pessoal","7":"product_cat-limpeza-higiene-pessoal","9":"first","10":"instock","11":"taxable","12":"shipping-taxable","13":"purchasable","14":"product-type-simple"},"_links":{"self":[{"href":"https:\/\/casafreitas.pt\/loja\/wp-json\/wp\/v2\/product\/96142","targetHints":{"allow":["GET"]}}],"collection":[{"href":"https:\/\/casafreitas.pt\/loja\/wp-json\/wp\/v2\/product"}],"about":[{"href":"https:\/\/casafreitas.pt\/loja\/wp-json\/wp\/v2\/types\/product"}],"replies":[{"embeddable":true,"href":"https:\/\/casafreitas.pt\/loja\/wp-json\/wp\/v2\/comments?post=96142"}],"version-history":[{"count":1,"href":"https:\/\/casafreitas.pt\/loja\/wp-json\/wp\/v2\/product\/96142\/revisions"}],"predecessor-version":[{"id":96143,"href":"https:\/\/casafreitas.pt\/loja\/wp-json\/wp\/v2\/product\/96142\/revisions\/96143"}],"wp:featuredmedia":[{"embeddable":true,"href":"https:\/\/casafreitas.pt\/loja\/wp-json\/wp\/v2\/media\/96141"}],"wp:attachment":[{"href":"https:\/\/casafreitas.pt\/loja\/wp-json\/wp\/v2\/media?parent=96142"}],"wp:term":[{"taxonomy":"product_brand","embeddable":true,"href":"https:\/\/casafreitas.pt\/loja\/wp-json\/wp\/v2\/product_brand?post=96142"},{"taxonomy":"product_cat","embeddable":true,"href":"https:\/\/casafreitas.pt\/loja\/wp-json\/wp\/v2\/product_cat?post=96142"},{"taxonomy":"product_tag","embeddable":true,"href":"https:\/\/casafreitas.pt\/loja\/wp-json\/wp\/v2\/product_tag?post=96142"}],"curies":[{"name":"wp","href":"https:\/\/api.w.org\/{rel}","templated":true}]}}