{"id":95992,"date":"2025-09-29T09:48:08","date_gmt":"2025-09-29T09:48:08","guid":{"rendered":"https:\/\/casafreitas.pt\/loja\/produto\/conexao-para-instalacoes-eletricas-m16x15-retractilado-solera-kit-pl16g\/"},"modified":"2025-10-24T01:21:16","modified_gmt":"2025-10-24T01:21:16","slug":"conexao-para-instalacoes-eletricas-m16x15-retractilado-solera-kit-pl16g","status":"publish","type":"product","link":"https:\/\/casafreitas.pt\/loja\/produto\/conexao-para-instalacoes-eletricas-m16x15-retractilado-solera-kit-pl16g\/","title":{"rendered":"Conex\u00e3o para instala\u00e7\u00f5es eletricas m16x1,5 (retractilado) solera kit-pl16g"},"content":{"rendered":"","protected":false},"excerpt":{"rendered":"<p>Conex\u00e3o para instala\u00e7\u00f5es eletricas m16x1,5 (retractilado) solera kit-pl16g<\/p>\n","protected":false},"featured_media":95991,"comment_status":"open","ping_status":"closed","template":"","meta":[],"product_brand":[],"product_cat":[12920,18004],"product_tag":[],"class_list":{"0":"post-95992","1":"product","2":"type-product","3":"status-publish","4":"has-post-thumbnail","6":"product_cat-caixas-tampas-esgoto","7":"product_cat-construcao","9":"first","10":"instock","11":"taxable","12":"shipping-taxable","13":"purchasable","14":"product-type-simple"},"_links":{"self":[{"href":"https:\/\/casafreitas.pt\/loja\/wp-json\/wp\/v2\/product\/95992","targetHints":{"allow":["GET"]}}],"collection":[{"href":"https:\/\/casafreitas.pt\/loja\/wp-json\/wp\/v2\/product"}],"about":[{"href":"https:\/\/casafreitas.pt\/loja\/wp-json\/wp\/v2\/types\/product"}],"replies":[{"embeddable":true,"href":"https:\/\/casafreitas.pt\/loja\/wp-json\/wp\/v2\/comments?post=95992"}],"version-history":[{"count":1,"href":"https:\/\/casafreitas.pt\/loja\/wp-json\/wp\/v2\/product\/95992\/revisions"}],"predecessor-version":[{"id":95993,"href":"https:\/\/casafreitas.pt\/loja\/wp-json\/wp\/v2\/product\/95992\/revisions\/95993"}],"wp:featuredmedia":[{"embeddable":true,"href":"https:\/\/casafreitas.pt\/loja\/wp-json\/wp\/v2\/media\/95991"}],"wp:attachment":[{"href":"https:\/\/casafreitas.pt\/loja\/wp-json\/wp\/v2\/media?parent=95992"}],"wp:term":[{"taxonomy":"product_brand","embeddable":true,"href":"https:\/\/casafreitas.pt\/loja\/wp-json\/wp\/v2\/product_brand?post=95992"},{"taxonomy":"product_cat","embeddable":true,"href":"https:\/\/casafreitas.pt\/loja\/wp-json\/wp\/v2\/product_cat?post=95992"},{"taxonomy":"product_tag","embeddable":true,"href":"https:\/\/casafreitas.pt\/loja\/wp-json\/wp\/v2\/product_tag?post=95992"}],"curies":[{"name":"wp","href":"https:\/\/api.w.org\/{rel}","templated":true}]}}