{"id":95947,"date":"2025-09-29T09:44:43","date_gmt":"2025-09-29T09:44:43","guid":{"rendered":"https:\/\/casafreitas.pt\/loja\/produto\/lampada-portatil-com-interruptor-gancho-metal-e-27-cabo-10m\/"},"modified":"2025-10-24T01:21:11","modified_gmt":"2025-10-24T01:21:11","slug":"lampada-portatil-com-interruptor-gancho-metal-e-27-cabo-10m","status":"publish","type":"product","link":"https:\/\/casafreitas.pt\/loja\/produto\/lampada-portatil-com-interruptor-gancho-metal-e-27-cabo-10m\/","title":{"rendered":"L\u00e2mpada port\u00e1til com interruptor e gancho de metal. e-27 (cabo 10m)"},"content":{"rendered":"","protected":false},"excerpt":{"rendered":"<p>L\u00e2mpada port\u00e1til com interruptor e gancho de metal (cabo 10m). max 60w 250v medidas: \u00f810x32cm cap: e-27. cor laranja.<\/p>\n","protected":false},"featured_media":95946,"comment_status":"open","ping_status":"closed","template":"","meta":[],"product_brand":[],"product_cat":[17962,18008],"product_tag":[],"class_list":{"0":"post-95947","1":"product","2":"type-product","3":"status-publish","4":"has-post-thumbnail","6":"product_cat-luzes-de-trabalho-iluminacao-2","7":"product_cat-iluminacao","9":"first","10":"instock","11":"taxable","12":"shipping-taxable","13":"purchasable","14":"product-type-simple"},"_links":{"self":[{"href":"https:\/\/casafreitas.pt\/loja\/wp-json\/wp\/v2\/product\/95947","targetHints":{"allow":["GET"]}}],"collection":[{"href":"https:\/\/casafreitas.pt\/loja\/wp-json\/wp\/v2\/product"}],"about":[{"href":"https:\/\/casafreitas.pt\/loja\/wp-json\/wp\/v2\/types\/product"}],"replies":[{"embeddable":true,"href":"https:\/\/casafreitas.pt\/loja\/wp-json\/wp\/v2\/comments?post=95947"}],"version-history":[{"count":1,"href":"https:\/\/casafreitas.pt\/loja\/wp-json\/wp\/v2\/product\/95947\/revisions"}],"predecessor-version":[{"id":95948,"href":"https:\/\/casafreitas.pt\/loja\/wp-json\/wp\/v2\/product\/95947\/revisions\/95948"}],"wp:featuredmedia":[{"embeddable":true,"href":"https:\/\/casafreitas.pt\/loja\/wp-json\/wp\/v2\/media\/95946"}],"wp:attachment":[{"href":"https:\/\/casafreitas.pt\/loja\/wp-json\/wp\/v2\/media?parent=95947"}],"wp:term":[{"taxonomy":"product_brand","embeddable":true,"href":"https:\/\/casafreitas.pt\/loja\/wp-json\/wp\/v2\/product_brand?post=95947"},{"taxonomy":"product_cat","embeddable":true,"href":"https:\/\/casafreitas.pt\/loja\/wp-json\/wp\/v2\/product_cat?post=95947"},{"taxonomy":"product_tag","embeddable":true,"href":"https:\/\/casafreitas.pt\/loja\/wp-json\/wp\/v2\/product_tag?post=95947"}],"curies":[{"name":"wp","href":"https:\/\/api.w.org\/{rel}","templated":true}]}}