{"id":95830,"date":"2025-09-29T09:36:30","date_gmt":"2025-09-29T09:36:30","guid":{"rendered":"https:\/\/casafreitas.pt\/loja\/produto\/vela-led-com-funcao-sopro-on-off-o37cm\/"},"modified":"2025-10-24T01:20:45","modified_gmt":"2025-10-24T01:20:45","slug":"vela-led-com-funcao-sopro-on-off-o37cm","status":"publish","type":"product","link":"https:\/\/casafreitas.pt\/loja\/produto\/vela-led-com-funcao-sopro-on-off-o37cm\/","title":{"rendered":"Vela led com fun\u00e7\u00e3o de sopro on-off \u00f83,7cm"},"content":{"rendered":"","protected":false},"excerpt":{"rendered":"<p>Vela led com fun\u00e7\u00e3o de sopro on-off \u00f83,7cm (di\u00e2metro) branco quente, funciona com 1 pilha cr2032 (inclu\u00edda)<\/p>\n","protected":false},"featured_media":95829,"comment_status":"open","ping_status":"closed","template":"","meta":[],"product_brand":[],"product_cat":[17974,18008],"product_tag":[],"class_list":{"0":"post-95830","1":"product","2":"type-product","3":"status-publish","4":"has-post-thumbnail","6":"product_cat-velas-iluminacao-2","7":"product_cat-iluminacao","9":"first","10":"instock","11":"taxable","12":"shipping-taxable","13":"purchasable","14":"product-type-simple"},"_links":{"self":[{"href":"https:\/\/casafreitas.pt\/loja\/wp-json\/wp\/v2\/product\/95830","targetHints":{"allow":["GET"]}}],"collection":[{"href":"https:\/\/casafreitas.pt\/loja\/wp-json\/wp\/v2\/product"}],"about":[{"href":"https:\/\/casafreitas.pt\/loja\/wp-json\/wp\/v2\/types\/product"}],"replies":[{"embeddable":true,"href":"https:\/\/casafreitas.pt\/loja\/wp-json\/wp\/v2\/comments?post=95830"}],"version-history":[{"count":1,"href":"https:\/\/casafreitas.pt\/loja\/wp-json\/wp\/v2\/product\/95830\/revisions"}],"predecessor-version":[{"id":95831,"href":"https:\/\/casafreitas.pt\/loja\/wp-json\/wp\/v2\/product\/95830\/revisions\/95831"}],"wp:featuredmedia":[{"embeddable":true,"href":"https:\/\/casafreitas.pt\/loja\/wp-json\/wp\/v2\/media\/95829"}],"wp:attachment":[{"href":"https:\/\/casafreitas.pt\/loja\/wp-json\/wp\/v2\/media?parent=95830"}],"wp:term":[{"taxonomy":"product_brand","embeddable":true,"href":"https:\/\/casafreitas.pt\/loja\/wp-json\/wp\/v2\/product_brand?post=95830"},{"taxonomy":"product_cat","embeddable":true,"href":"https:\/\/casafreitas.pt\/loja\/wp-json\/wp\/v2\/product_cat?post=95830"},{"taxonomy":"product_tag","embeddable":true,"href":"https:\/\/casafreitas.pt\/loja\/wp-json\/wp\/v2\/product_tag?post=95830"}],"curies":[{"name":"wp","href":"https:\/\/api.w.org\/{rel}","templated":true}]}}