{"id":95749,"date":"2025-09-29T09:31:33","date_gmt":"2025-09-29T09:31:33","guid":{"rendered":"https:\/\/casafreitas.pt\/loja\/produto\/lareira-camping-led-3-x-aa-nao-incluida-cores-sortidas-88-x-8-x-17-cm\/"},"modified":"2025-11-12T13:57:14","modified_gmt":"2025-11-12T13:57:14","slug":"lareira-camping-led-3-x-aa-nao-incluida-cores-sortidas-88-x-8-x-17-cm","status":"publish","type":"product","link":"https:\/\/casafreitas.pt\/loja\/produto\/lareira-camping-led-3-x-aa-nao-incluida-cores-sortidas-88-x-8-x-17-cm\/","title":{"rendered":"Lareira de camping led, 3 x aa (n\u00e3o inclu\u00edda), cores sortidas, 88 x 8 x 17 cm"},"content":{"rendered":"","protected":false},"excerpt":{"rendered":"<p>Lanqu\u00e9 para camping, luz led quente, polipropileno, funciona com 3 pilhas aa (n\u00e3o inclu\u00eddas), cores sortidas; 8 x 8 x 17 cm<\/p>\n","protected":false},"featured_media":95748,"comment_status":"open","ping_status":"closed","template":"","meta":[],"product_brand":[],"product_cat":[8800,17417],"product_tag":[],"class_list":{"0":"post-95749","1":"product","2":"type-product","3":"status-publish","4":"has-post-thumbnail","6":"product_cat-pequenos-domesticos","7":"product_cat-varias-lanternas-lanternas-pequenos-domesticos","9":"first","10":"instock","11":"taxable","12":"shipping-taxable","13":"purchasable","14":"product-type-simple"},"_links":{"self":[{"href":"https:\/\/casafreitas.pt\/loja\/wp-json\/wp\/v2\/product\/95749","targetHints":{"allow":["GET"]}}],"collection":[{"href":"https:\/\/casafreitas.pt\/loja\/wp-json\/wp\/v2\/product"}],"about":[{"href":"https:\/\/casafreitas.pt\/loja\/wp-json\/wp\/v2\/types\/product"}],"replies":[{"embeddable":true,"href":"https:\/\/casafreitas.pt\/loja\/wp-json\/wp\/v2\/comments?post=95749"}],"version-history":[{"count":1,"href":"https:\/\/casafreitas.pt\/loja\/wp-json\/wp\/v2\/product\/95749\/revisions"}],"predecessor-version":[{"id":95750,"href":"https:\/\/casafreitas.pt\/loja\/wp-json\/wp\/v2\/product\/95749\/revisions\/95750"}],"wp:featuredmedia":[{"embeddable":true,"href":"https:\/\/casafreitas.pt\/loja\/wp-json\/wp\/v2\/media\/95748"}],"wp:attachment":[{"href":"https:\/\/casafreitas.pt\/loja\/wp-json\/wp\/v2\/media?parent=95749"}],"wp:term":[{"taxonomy":"product_brand","embeddable":true,"href":"https:\/\/casafreitas.pt\/loja\/wp-json\/wp\/v2\/product_brand?post=95749"},{"taxonomy":"product_cat","embeddable":true,"href":"https:\/\/casafreitas.pt\/loja\/wp-json\/wp\/v2\/product_cat?post=95749"},{"taxonomy":"product_tag","embeddable":true,"href":"https:\/\/casafreitas.pt\/loja\/wp-json\/wp\/v2\/product_tag?post=95749"}],"curies":[{"name":"wp","href":"https:\/\/api.w.org\/{rel}","templated":true}]}}