{"id":95464,"date":"2025-09-29T09:11:00","date_gmt":"2025-09-29T09:11:00","guid":{"rendered":"https:\/\/casafreitas.pt\/loja\/produto\/lampada-refletora-led-r90-e27-12w-1154lm-3200k-luz-quente-o9x121cm-edm\/"},"modified":"2025-10-24T01:20:09","modified_gmt":"2025-10-24T01:20:09","slug":"lampada-refletora-led-r90-e27-12w-1154lm-3200k-luz-quente-o9x121cm-edm","status":"publish","type":"product","link":"https:\/\/casafreitas.pt\/loja\/produto\/lampada-refletora-led-r90-e27-12w-1154lm-3200k-luz-quente-o9x121cm-edm\/","title":{"rendered":"L\u00e2mpada refletora led r90 e27 12w 1154lm 3200k luz quente \u00f89&#215;12,1cm edm"},"content":{"rendered":"","protected":false},"excerpt":{"rendered":"<p>L\u00e2mpada refletora led r90 e27 12w 1154lm 3200k luz quente \u00f89&#215;12,1cm 25000h ac 220-240v classe energ\u00e9tica: f. \u00e2ngulo de abertura: 120\u00b0 edm<\/p>\n","protected":false},"featured_media":95463,"comment_status":"open","ping_status":"closed","template":"","meta":[],"product_brand":[],"product_cat":[17639,18004],"product_tag":[],"class_list":{"0":"post-95464","1":"product","2":"type-product","3":"status-publish","4":"has-post-thumbnail","6":"product_cat-refletores-baloes-construcao","7":"product_cat-construcao","9":"first","10":"instock","11":"taxable","12":"shipping-taxable","13":"purchasable","14":"product-type-simple"},"_links":{"self":[{"href":"https:\/\/casafreitas.pt\/loja\/wp-json\/wp\/v2\/product\/95464","targetHints":{"allow":["GET"]}}],"collection":[{"href":"https:\/\/casafreitas.pt\/loja\/wp-json\/wp\/v2\/product"}],"about":[{"href":"https:\/\/casafreitas.pt\/loja\/wp-json\/wp\/v2\/types\/product"}],"replies":[{"embeddable":true,"href":"https:\/\/casafreitas.pt\/loja\/wp-json\/wp\/v2\/comments?post=95464"}],"version-history":[{"count":1,"href":"https:\/\/casafreitas.pt\/loja\/wp-json\/wp\/v2\/product\/95464\/revisions"}],"predecessor-version":[{"id":95465,"href":"https:\/\/casafreitas.pt\/loja\/wp-json\/wp\/v2\/product\/95464\/revisions\/95465"}],"wp:featuredmedia":[{"embeddable":true,"href":"https:\/\/casafreitas.pt\/loja\/wp-json\/wp\/v2\/media\/95463"}],"wp:attachment":[{"href":"https:\/\/casafreitas.pt\/loja\/wp-json\/wp\/v2\/media?parent=95464"}],"wp:term":[{"taxonomy":"product_brand","embeddable":true,"href":"https:\/\/casafreitas.pt\/loja\/wp-json\/wp\/v2\/product_brand?post=95464"},{"taxonomy":"product_cat","embeddable":true,"href":"https:\/\/casafreitas.pt\/loja\/wp-json\/wp\/v2\/product_cat?post=95464"},{"taxonomy":"product_tag","embeddable":true,"href":"https:\/\/casafreitas.pt\/loja\/wp-json\/wp\/v2\/product_tag?post=95464"}],"curies":[{"name":"wp","href":"https:\/\/api.w.org\/{rel}","templated":true}]}}