{"id":95452,"date":"2025-09-29T09:09:59","date_gmt":"2025-09-29T09:09:59","guid":{"rendered":"https:\/\/casafreitas.pt\/loja\/produto\/lampada-refletora-led-r63-e27-7-w-600-lm-6400k-luz-fria-63-x-102-cm\/"},"modified":"2025-10-24T01:20:08","modified_gmt":"2025-10-24T01:20:08","slug":"lampada-refletora-led-r63-e27-7-w-600-lm-6400k-luz-fria-63-x-102-cm","status":"publish","type":"product","link":"https:\/\/casafreitas.pt\/loja\/produto\/lampada-refletora-led-r63-e27-7-w-600-lm-6400k-luz-fria-63-x-102-cm\/","title":{"rendered":"L\u00e2mpada refletora led r63 e27 7 w 600 lm 6400k luz fria \u00f8 6,3 x 10,2 cm"},"content":{"rendered":"","protected":false},"excerpt":{"rendered":"<p>L\u00e2mpada refletora led r63, e27, 7 w, 600 lm, 6400 k, luz fria, \u00f8 6.3 x 10.2 cm, 25000h, ac 220 &#8211; 240 v, classe energ\u00e9tica: f, \u00e2ngulo de abertura: 120\u00b0<\/p>\n","protected":false},"featured_media":95451,"comment_status":"open","ping_status":"closed","template":"","meta":[],"product_brand":[],"product_cat":[17639,18004],"product_tag":[],"class_list":{"0":"post-95452","1":"product","2":"type-product","3":"status-publish","4":"has-post-thumbnail","6":"product_cat-refletores-baloes-construcao","7":"product_cat-construcao","9":"first","10":"instock","11":"taxable","12":"shipping-taxable","13":"purchasable","14":"product-type-simple"},"_links":{"self":[{"href":"https:\/\/casafreitas.pt\/loja\/wp-json\/wp\/v2\/product\/95452","targetHints":{"allow":["GET"]}}],"collection":[{"href":"https:\/\/casafreitas.pt\/loja\/wp-json\/wp\/v2\/product"}],"about":[{"href":"https:\/\/casafreitas.pt\/loja\/wp-json\/wp\/v2\/types\/product"}],"replies":[{"embeddable":true,"href":"https:\/\/casafreitas.pt\/loja\/wp-json\/wp\/v2\/comments?post=95452"}],"version-history":[{"count":1,"href":"https:\/\/casafreitas.pt\/loja\/wp-json\/wp\/v2\/product\/95452\/revisions"}],"predecessor-version":[{"id":95453,"href":"https:\/\/casafreitas.pt\/loja\/wp-json\/wp\/v2\/product\/95452\/revisions\/95453"}],"wp:featuredmedia":[{"embeddable":true,"href":"https:\/\/casafreitas.pt\/loja\/wp-json\/wp\/v2\/media\/95451"}],"wp:attachment":[{"href":"https:\/\/casafreitas.pt\/loja\/wp-json\/wp\/v2\/media?parent=95452"}],"wp:term":[{"taxonomy":"product_brand","embeddable":true,"href":"https:\/\/casafreitas.pt\/loja\/wp-json\/wp\/v2\/product_brand?post=95452"},{"taxonomy":"product_cat","embeddable":true,"href":"https:\/\/casafreitas.pt\/loja\/wp-json\/wp\/v2\/product_cat?post=95452"},{"taxonomy":"product_tag","embeddable":true,"href":"https:\/\/casafreitas.pt\/loja\/wp-json\/wp\/v2\/product_tag?post=95452"}],"curies":[{"name":"wp","href":"https:\/\/api.w.org\/{rel}","templated":true}]}}