{"id":95372,"date":"2025-09-28T22:37:36","date_gmt":"2025-09-28T22:37:36","guid":{"rendered":"https:\/\/casafreitas.pt\/loja\/produto\/lampada-halogenio-linear-118mm-energy-saver-230w-220v-equ-300w\/"},"modified":"2025-11-18T22:00:51","modified_gmt":"2025-11-18T22:00:51","slug":"lampada-halogenio-linear-118mm-energy-saver-230w-220v-equ-300w","status":"publish","type":"product","link":"https:\/\/casafreitas.pt\/loja\/produto\/lampada-halogenio-linear-118mm-energy-saver-230w-220v-equ-300w\/","title":{"rendered":"L\u00e2mpada de halog\u00eanio linear 118mm &#8220;energy saver&#8221; 230w 220v (equ. 300w)"},"content":{"rendered":"","protected":false},"excerpt":{"rendered":"<p>L\u00e2mpada de halog\u00eanio linear 230w (equ. 300w).tamanho: 118mm &#8220;energy saver&#8221; tens\u00e3o: 220-240v<\/p>\n","protected":false},"featured_media":95371,"comment_status":"open","ping_status":"closed","template":"","meta":[],"product_brand":[],"product_cat":[18034,18004],"product_tag":[],"class_list":{"0":"post-95372","1":"product","2":"type-product","3":"status-publish","4":"has-post-thumbnail","6":"product_cat-halogenio","7":"product_cat-construcao","9":"first","10":"instock","11":"taxable","12":"shipping-taxable","13":"purchasable","14":"product-type-simple"},"_links":{"self":[{"href":"https:\/\/casafreitas.pt\/loja\/wp-json\/wp\/v2\/product\/95372","targetHints":{"allow":["GET"]}}],"collection":[{"href":"https:\/\/casafreitas.pt\/loja\/wp-json\/wp\/v2\/product"}],"about":[{"href":"https:\/\/casafreitas.pt\/loja\/wp-json\/wp\/v2\/types\/product"}],"replies":[{"embeddable":true,"href":"https:\/\/casafreitas.pt\/loja\/wp-json\/wp\/v2\/comments?post=95372"}],"version-history":[{"count":1,"href":"https:\/\/casafreitas.pt\/loja\/wp-json\/wp\/v2\/product\/95372\/revisions"}],"predecessor-version":[{"id":95373,"href":"https:\/\/casafreitas.pt\/loja\/wp-json\/wp\/v2\/product\/95372\/revisions\/95373"}],"wp:featuredmedia":[{"embeddable":true,"href":"https:\/\/casafreitas.pt\/loja\/wp-json\/wp\/v2\/media\/95371"}],"wp:attachment":[{"href":"https:\/\/casafreitas.pt\/loja\/wp-json\/wp\/v2\/media?parent=95372"}],"wp:term":[{"taxonomy":"product_brand","embeddable":true,"href":"https:\/\/casafreitas.pt\/loja\/wp-json\/wp\/v2\/product_brand?post=95372"},{"taxonomy":"product_cat","embeddable":true,"href":"https:\/\/casafreitas.pt\/loja\/wp-json\/wp\/v2\/product_cat?post=95372"},{"taxonomy":"product_tag","embeddable":true,"href":"https:\/\/casafreitas.pt\/loja\/wp-json\/wp\/v2\/product_tag?post=95372"}],"curies":[{"name":"wp","href":"https:\/\/api.w.org\/{rel}","templated":true}]}}