{"id":95348,"date":"2025-09-28T22:35:41","date_gmt":"2025-09-28T22:35:41","guid":{"rendered":"https:\/\/casafreitas.pt\/loja\/produto\/lampada-dicroica-led-mr16-gu5-3-5w-12v-450lm-3200k-luz-quente-o5x5cm-edm\/"},"modified":"2025-10-24T01:07:37","modified_gmt":"2025-10-24T01:07:37","slug":"lampada-dicroica-led-mr16-gu5-3-5w-12v-450lm-3200k-luz-quente-o5x5cm-edm","status":"publish","type":"product","link":"https:\/\/casafreitas.pt\/loja\/produto\/lampada-dicroica-led-mr16-gu5-3-5w-12v-450lm-3200k-luz-quente-o5x5cm-edm\/","title":{"rendered":"L\u00e2mpada dicroica led mr16 (gu5.3) 5w 12v 450lm 3200k luz quente \u00f85x5cm edm"},"content":{"rendered":"","protected":false},"excerpt":{"rendered":"<p>L\u00e2mpada dicroica led mr16 (gu5.3) 5w 450lm 3200k luz quente \u00f85x5cm 25000h ac 12v classe de energia: f. \u00e2ngulo de abertura: 120\u00b0 edm<\/p>\n","protected":false},"featured_media":95347,"comment_status":"open","ping_status":"closed","template":"","meta":[],"product_brand":[],"product_cat":[17595,18004],"product_tag":[],"class_list":{"0":"post-95348","1":"product","2":"type-product","3":"status-publish","4":"has-post-thumbnail","6":"product_cat-led-dicroico-construcao","7":"product_cat-construcao","9":"first","10":"instock","11":"taxable","12":"shipping-taxable","13":"purchasable","14":"product-type-simple"},"_links":{"self":[{"href":"https:\/\/casafreitas.pt\/loja\/wp-json\/wp\/v2\/product\/95348","targetHints":{"allow":["GET"]}}],"collection":[{"href":"https:\/\/casafreitas.pt\/loja\/wp-json\/wp\/v2\/product"}],"about":[{"href":"https:\/\/casafreitas.pt\/loja\/wp-json\/wp\/v2\/types\/product"}],"replies":[{"embeddable":true,"href":"https:\/\/casafreitas.pt\/loja\/wp-json\/wp\/v2\/comments?post=95348"}],"version-history":[{"count":1,"href":"https:\/\/casafreitas.pt\/loja\/wp-json\/wp\/v2\/product\/95348\/revisions"}],"predecessor-version":[{"id":95349,"href":"https:\/\/casafreitas.pt\/loja\/wp-json\/wp\/v2\/product\/95348\/revisions\/95349"}],"wp:featuredmedia":[{"embeddable":true,"href":"https:\/\/casafreitas.pt\/loja\/wp-json\/wp\/v2\/media\/95347"}],"wp:attachment":[{"href":"https:\/\/casafreitas.pt\/loja\/wp-json\/wp\/v2\/media?parent=95348"}],"wp:term":[{"taxonomy":"product_brand","embeddable":true,"href":"https:\/\/casafreitas.pt\/loja\/wp-json\/wp\/v2\/product_brand?post=95348"},{"taxonomy":"product_cat","embeddable":true,"href":"https:\/\/casafreitas.pt\/loja\/wp-json\/wp\/v2\/product_cat?post=95348"},{"taxonomy":"product_tag","embeddable":true,"href":"https:\/\/casafreitas.pt\/loja\/wp-json\/wp\/v2\/product_tag?post=95348"}],"curies":[{"name":"wp","href":"https:\/\/api.w.org\/{rel}","templated":true}]}}