{"id":95267,"date":"2025-09-28T22:29:15","date_gmt":"2025-09-28T22:29:15","guid":{"rendered":"https:\/\/casafreitas.pt\/loja\/produto\/lampada-halogenio-linear-118mm-haloline-120w-220v-osram\/"},"modified":"2025-10-24T01:07:22","modified_gmt":"2025-10-24T01:07:22","slug":"lampada-halogenio-linear-118mm-haloline-120w-220v-osram","status":"publish","type":"product","link":"https:\/\/casafreitas.pt\/loja\/produto\/lampada-halogenio-linear-118mm-haloline-120w-220v-osram\/","title":{"rendered":"L\u00e2mpada de halog\u00e9nio linear 118mm haloline 120w 220v osram"},"content":{"rendered":"","protected":false},"excerpt":{"rendered":"<p>L\u00e2mpada de halog\u00e9nio linear 120w. 2245lm tamanho: 118mm haloline vida estimada: 2000h. tipo de luz: ultra brilhante. \u00e2ngulo de abertura: 360\u00b0. regul\u00e1vel. tens\u00e3o: 220-240v osram<\/p>\n","protected":false},"featured_media":95266,"comment_status":"open","ping_status":"closed","template":"","meta":[],"product_brand":[],"product_cat":[17547,18004],"product_tag":[],"class_list":{"0":"post-95267","1":"product","2":"type-product","3":"status-publish","4":"has-post-thumbnail","6":"product_cat-eco-halogenio-construcao","7":"product_cat-construcao","9":"first","10":"instock","11":"taxable","12":"shipping-taxable","13":"purchasable","14":"product-type-simple"},"_links":{"self":[{"href":"https:\/\/casafreitas.pt\/loja\/wp-json\/wp\/v2\/product\/95267","targetHints":{"allow":["GET"]}}],"collection":[{"href":"https:\/\/casafreitas.pt\/loja\/wp-json\/wp\/v2\/product"}],"about":[{"href":"https:\/\/casafreitas.pt\/loja\/wp-json\/wp\/v2\/types\/product"}],"replies":[{"embeddable":true,"href":"https:\/\/casafreitas.pt\/loja\/wp-json\/wp\/v2\/comments?post=95267"}],"version-history":[{"count":1,"href":"https:\/\/casafreitas.pt\/loja\/wp-json\/wp\/v2\/product\/95267\/revisions"}],"predecessor-version":[{"id":95268,"href":"https:\/\/casafreitas.pt\/loja\/wp-json\/wp\/v2\/product\/95267\/revisions\/95268"}],"wp:featuredmedia":[{"embeddable":true,"href":"https:\/\/casafreitas.pt\/loja\/wp-json\/wp\/v2\/media\/95266"}],"wp:attachment":[{"href":"https:\/\/casafreitas.pt\/loja\/wp-json\/wp\/v2\/media?parent=95267"}],"wp:term":[{"taxonomy":"product_brand","embeddable":true,"href":"https:\/\/casafreitas.pt\/loja\/wp-json\/wp\/v2\/product_brand?post=95267"},{"taxonomy":"product_cat","embeddable":true,"href":"https:\/\/casafreitas.pt\/loja\/wp-json\/wp\/v2\/product_cat?post=95267"},{"taxonomy":"product_tag","embeddable":true,"href":"https:\/\/casafreitas.pt\/loja\/wp-json\/wp\/v2\/product_tag?post=95267"}],"curies":[{"name":"wp","href":"https:\/\/api.w.org\/{rel}","templated":true}]}}