{"id":95198,"date":"2025-09-28T22:23:54","date_gmt":"2025-09-28T22:23:54","guid":{"rendered":"https:\/\/casafreitas.pt\/loja\/produto\/lampada-exterior-led-circular-18w-1950lm-ip54-4000k-luz-dia-o21x57cm\/"},"modified":"2025-10-24T01:07:05","modified_gmt":"2025-10-24T01:07:05","slug":"lampada-exterior-led-circular-18w-1950lm-ip54-4000k-luz-dia-o21x57cm","status":"publish","type":"product","link":"https:\/\/casafreitas.pt\/loja\/produto\/lampada-exterior-led-circular-18w-1950lm-ip54-4000k-luz-dia-o21x57cm\/","title":{"rendered":"L\u00e2mpada exterior led circular 18w 1950lm ip54 4000k luz dia \u00f821&#215;5,7cm"},"content":{"rendered":"","protected":false},"excerpt":{"rendered":"<p>L\u00e2mpada exterior led circular 18w 4000k luz dia 1950lm ip54. medidas: \u00f821&#215;5,7cm 25.000h 220-240v<\/p>\n","protected":false},"featured_media":95197,"comment_status":"open","ping_status":"closed","template":"","meta":[],"product_brand":[],"product_cat":[17961,18008],"product_tag":[],"class_list":{"0":"post-95198","1":"product","2":"type-product","3":"status-publish","4":"has-post-thumbnail","6":"product_cat-luzes-de-parede-exteriores-iluminacao-2","7":"product_cat-iluminacao","9":"first","10":"instock","11":"taxable","12":"shipping-taxable","13":"purchasable","14":"product-type-simple"},"_links":{"self":[{"href":"https:\/\/casafreitas.pt\/loja\/wp-json\/wp\/v2\/product\/95198","targetHints":{"allow":["GET"]}}],"collection":[{"href":"https:\/\/casafreitas.pt\/loja\/wp-json\/wp\/v2\/product"}],"about":[{"href":"https:\/\/casafreitas.pt\/loja\/wp-json\/wp\/v2\/types\/product"}],"replies":[{"embeddable":true,"href":"https:\/\/casafreitas.pt\/loja\/wp-json\/wp\/v2\/comments?post=95198"}],"version-history":[{"count":1,"href":"https:\/\/casafreitas.pt\/loja\/wp-json\/wp\/v2\/product\/95198\/revisions"}],"predecessor-version":[{"id":95199,"href":"https:\/\/casafreitas.pt\/loja\/wp-json\/wp\/v2\/product\/95198\/revisions\/95199"}],"wp:featuredmedia":[{"embeddable":true,"href":"https:\/\/casafreitas.pt\/loja\/wp-json\/wp\/v2\/media\/95197"}],"wp:attachment":[{"href":"https:\/\/casafreitas.pt\/loja\/wp-json\/wp\/v2\/media?parent=95198"}],"wp:term":[{"taxonomy":"product_brand","embeddable":true,"href":"https:\/\/casafreitas.pt\/loja\/wp-json\/wp\/v2\/product_brand?post=95198"},{"taxonomy":"product_cat","embeddable":true,"href":"https:\/\/casafreitas.pt\/loja\/wp-json\/wp\/v2\/product_cat?post=95198"},{"taxonomy":"product_tag","embeddable":true,"href":"https:\/\/casafreitas.pt\/loja\/wp-json\/wp\/v2\/product_tag?post=95198"}],"curies":[{"name":"wp","href":"https:\/\/api.w.org\/{rel}","templated":true}]}}