{"id":95165,"date":"2025-09-28T22:21:21","date_gmt":"2025-09-28T22:21:21","guid":{"rendered":"https:\/\/casafreitas.pt\/loja\/produto\/luminaria-parede-led-com-sensor-movimento-crepusculo-15w-1200-lm-4000-k-luz-dia-preta-216-x-16-x-247-mm\/"},"modified":"2025-10-24T01:06:59","modified_gmt":"2025-10-24T01:06:59","slug":"luminaria-parede-led-com-sensor-movimento-crepusculo-15w-1200-lm-4000-k-luz-dia-preta-216-x-16-x-247-mm","status":"publish","type":"product","link":"https:\/\/casafreitas.pt\/loja\/produto\/luminaria-parede-led-com-sensor-movimento-crepusculo-15w-1200-lm-4000-k-luz-dia-preta-216-x-16-x-247-mm\/","title":{"rendered":"Lumin\u00e1ria de parede led com sensor de movimento e crep\u00fasculo 15w 1200 lm 4000 k luz do dia, preta, 21,6 x 16 x 24,7 mm"},"content":{"rendered":"","protected":false},"excerpt":{"rendered":"<p>Aparelho de lanterna de parede led, com sensor de crep\u00fasculo e movimento 15w 1200 lm 4000 k luz do dia, preto; \u00e2ngulo de detec\u00e7\u00e3o 120\u00b0, dist\u00e2ncia m\u00e1xima 12 m (&lt;24\u00b0c); luz ambiente &lt;3 -2000 lux (ajust\u00e1vel); temperatura de funcionamento entre -20 e 40\u00b0c; atraso de tempo at\u00e9 5 min (\u00b13 seg); altura de instala\u00e7\u00e3o 1,8-2,5 m; classe f; pvc preto; kit de montagem inclu\u00eddo; 220-240 v ca 50-60 hz; 21,6 x 16 x 24,7 mm<\/p>\n","protected":false},"featured_media":95164,"comment_status":"open","ping_status":"closed","template":"","meta":[],"product_brand":[],"product_cat":[17961,18008],"product_tag":[],"class_list":{"0":"post-95165","1":"product","2":"type-product","3":"status-publish","4":"has-post-thumbnail","6":"product_cat-luzes-de-parede-exteriores-iluminacao-2","7":"product_cat-iluminacao","9":"first","10":"instock","11":"taxable","12":"shipping-taxable","13":"purchasable","14":"product-type-simple"},"_links":{"self":[{"href":"https:\/\/casafreitas.pt\/loja\/wp-json\/wp\/v2\/product\/95165","targetHints":{"allow":["GET"]}}],"collection":[{"href":"https:\/\/casafreitas.pt\/loja\/wp-json\/wp\/v2\/product"}],"about":[{"href":"https:\/\/casafreitas.pt\/loja\/wp-json\/wp\/v2\/types\/product"}],"replies":[{"embeddable":true,"href":"https:\/\/casafreitas.pt\/loja\/wp-json\/wp\/v2\/comments?post=95165"}],"version-history":[{"count":1,"href":"https:\/\/casafreitas.pt\/loja\/wp-json\/wp\/v2\/product\/95165\/revisions"}],"predecessor-version":[{"id":95166,"href":"https:\/\/casafreitas.pt\/loja\/wp-json\/wp\/v2\/product\/95165\/revisions\/95166"}],"wp:featuredmedia":[{"embeddable":true,"href":"https:\/\/casafreitas.pt\/loja\/wp-json\/wp\/v2\/media\/95164"}],"wp:attachment":[{"href":"https:\/\/casafreitas.pt\/loja\/wp-json\/wp\/v2\/media?parent=95165"}],"wp:term":[{"taxonomy":"product_brand","embeddable":true,"href":"https:\/\/casafreitas.pt\/loja\/wp-json\/wp\/v2\/product_brand?post=95165"},{"taxonomy":"product_cat","embeddable":true,"href":"https:\/\/casafreitas.pt\/loja\/wp-json\/wp\/v2\/product_cat?post=95165"},{"taxonomy":"product_tag","embeddable":true,"href":"https:\/\/casafreitas.pt\/loja\/wp-json\/wp\/v2\/product_tag?post=95165"}],"curies":[{"name":"wp","href":"https:\/\/api.w.org\/{rel}","templated":true}]}}