{"id":95138,"date":"2025-09-28T22:19:18","date_gmt":"2025-09-28T22:19:18","guid":{"rendered":"https:\/\/casafreitas.pt\/loja\/produto\/candeeiro-super-led-superficie-modelo-desert-18-w-6500-k-1820-lm-o33-x-68-cm\/"},"modified":"2025-10-24T01:06:54","modified_gmt":"2025-10-24T01:06:54","slug":"candeeiro-super-led-superficie-modelo-desert-18-w-6500-k-1820-lm-o33-x-68-cm","status":"publish","type":"product","link":"https:\/\/casafreitas.pt\/loja\/produto\/candeeiro-super-led-superficie-modelo-desert-18-w-6500-k-1820-lm-o33-x-68-cm\/","title":{"rendered":"Candeeiro super led de superf\u00edcie modelo desert 18 w 6500 k 1820 lm \u00f833 x 6,8 cm"},"content":{"rendered":"","protected":false},"excerpt":{"rendered":"<p>Candeeiro super led de superf\u00edcie modelo desert 18 w 6500 k 1820 lm. grau de prote\u00e7\u00e3o ip20. circular, classe f 220-240 v n\u00e3o regul\u00e1vel, pf 0,7, ra 80, \u00e2ngulo de abertura 120\u00b0. dimens\u00f5es:\u00f833 x 6,8 cm<\/p>\n","protected":false},"featured_media":95137,"comment_status":"open","ping_status":"closed","template":"","meta":[],"product_brand":[],"product_cat":[17934,18008],"product_tag":[],"class_list":{"0":"post-95138","1":"product","2":"type-product","3":"status-publish","4":"has-post-thumbnail","6":"product_cat-apliques-interior-iluminacao","7":"product_cat-iluminacao","9":"first","10":"instock","11":"taxable","12":"shipping-taxable","13":"purchasable","14":"product-type-simple"},"_links":{"self":[{"href":"https:\/\/casafreitas.pt\/loja\/wp-json\/wp\/v2\/product\/95138","targetHints":{"allow":["GET"]}}],"collection":[{"href":"https:\/\/casafreitas.pt\/loja\/wp-json\/wp\/v2\/product"}],"about":[{"href":"https:\/\/casafreitas.pt\/loja\/wp-json\/wp\/v2\/types\/product"}],"replies":[{"embeddable":true,"href":"https:\/\/casafreitas.pt\/loja\/wp-json\/wp\/v2\/comments?post=95138"}],"version-history":[{"count":1,"href":"https:\/\/casafreitas.pt\/loja\/wp-json\/wp\/v2\/product\/95138\/revisions"}],"predecessor-version":[{"id":95139,"href":"https:\/\/casafreitas.pt\/loja\/wp-json\/wp\/v2\/product\/95138\/revisions\/95139"}],"wp:featuredmedia":[{"embeddable":true,"href":"https:\/\/casafreitas.pt\/loja\/wp-json\/wp\/v2\/media\/95137"}],"wp:attachment":[{"href":"https:\/\/casafreitas.pt\/loja\/wp-json\/wp\/v2\/media?parent=95138"}],"wp:term":[{"taxonomy":"product_brand","embeddable":true,"href":"https:\/\/casafreitas.pt\/loja\/wp-json\/wp\/v2\/product_brand?post=95138"},{"taxonomy":"product_cat","embeddable":true,"href":"https:\/\/casafreitas.pt\/loja\/wp-json\/wp\/v2\/product_cat?post=95138"},{"taxonomy":"product_tag","embeddable":true,"href":"https:\/\/casafreitas.pt\/loja\/wp-json\/wp\/v2\/product_tag?post=95138"}],"curies":[{"name":"wp","href":"https:\/\/api.w.org\/{rel}","templated":true}]}}