{"id":95117,"date":"2025-09-28T22:17:41","date_gmt":"2025-09-28T22:17:41","guid":{"rendered":"https:\/\/casafreitas.pt\/loja\/produto\/candeeiro-superficie-circular-led-efeito-madeira-18-w-1820-lm-6500-k-o33-x-55-cm\/"},"modified":"2025-10-24T01:06:54","modified_gmt":"2025-10-24T01:06:54","slug":"candeeiro-superficie-circular-led-efeito-madeira-18-w-1820-lm-6500-k-o33-x-55-cm","status":"publish","type":"product","link":"https:\/\/casafreitas.pt\/loja\/produto\/candeeiro-superficie-circular-led-efeito-madeira-18-w-1820-lm-6500-k-o33-x-55-cm\/","title":{"rendered":"Candeeiro de superf\u00edcie circular led efeito madeira 18 w 1820 lm 6500 k \u00f833 x 5,5 cm"},"content":{"rendered":"","protected":false},"excerpt":{"rendered":"<p>Candeeiro de superf\u00edcie circular led 18 w 1820 lm 6500 k efeito madeira. fabricado em pl\u00e1stico e metal, 25000h 220-240v 50hz classe f, pf: 0.7. \u00e2ngulo abertura 120\u00b0, cri 80, dimens\u00f5es: \u00f833 x 5,5 cm<\/p>\n","protected":false},"featured_media":95116,"comment_status":"open","ping_status":"closed","template":"","meta":[],"product_brand":[],"product_cat":[17934,18008],"product_tag":[],"class_list":{"0":"post-95117","1":"product","2":"type-product","3":"status-publish","4":"has-post-thumbnail","6":"product_cat-apliques-interior-iluminacao","7":"product_cat-iluminacao","9":"first","10":"instock","11":"taxable","12":"shipping-taxable","13":"purchasable","14":"product-type-simple"},"_links":{"self":[{"href":"https:\/\/casafreitas.pt\/loja\/wp-json\/wp\/v2\/product\/95117","targetHints":{"allow":["GET"]}}],"collection":[{"href":"https:\/\/casafreitas.pt\/loja\/wp-json\/wp\/v2\/product"}],"about":[{"href":"https:\/\/casafreitas.pt\/loja\/wp-json\/wp\/v2\/types\/product"}],"replies":[{"embeddable":true,"href":"https:\/\/casafreitas.pt\/loja\/wp-json\/wp\/v2\/comments?post=95117"}],"version-history":[{"count":1,"href":"https:\/\/casafreitas.pt\/loja\/wp-json\/wp\/v2\/product\/95117\/revisions"}],"predecessor-version":[{"id":95118,"href":"https:\/\/casafreitas.pt\/loja\/wp-json\/wp\/v2\/product\/95117\/revisions\/95118"}],"wp:featuredmedia":[{"embeddable":true,"href":"https:\/\/casafreitas.pt\/loja\/wp-json\/wp\/v2\/media\/95116"}],"wp:attachment":[{"href":"https:\/\/casafreitas.pt\/loja\/wp-json\/wp\/v2\/media?parent=95117"}],"wp:term":[{"taxonomy":"product_brand","embeddable":true,"href":"https:\/\/casafreitas.pt\/loja\/wp-json\/wp\/v2\/product_brand?post=95117"},{"taxonomy":"product_cat","embeddable":true,"href":"https:\/\/casafreitas.pt\/loja\/wp-json\/wp\/v2\/product_cat?post=95117"},{"taxonomy":"product_tag","embeddable":true,"href":"https:\/\/casafreitas.pt\/loja\/wp-json\/wp\/v2\/product_tag?post=95117"}],"curies":[{"name":"wp","href":"https:\/\/api.w.org\/{rel}","templated":true}]}}