{"id":95087,"date":"2025-09-28T22:09:45","date_gmt":"2025-09-28T22:09:45","guid":{"rendered":"https:\/\/casafreitas.pt\/loja\/produto\/luminaria-parede-led-quadrada-extraplana-12-w-6500-k-1160-lm-275-x-275-x-62-cm\/"},"modified":"2025-10-24T01:06:53","modified_gmt":"2025-10-24T01:06:53","slug":"luminaria-parede-led-quadrada-extraplana-12-w-6500-k-1160-lm-275-x-275-x-62-cm","status":"publish","type":"product","link":"https:\/\/casafreitas.pt\/loja\/produto\/luminaria-parede-led-quadrada-extraplana-12-w-6500-k-1160-lm-275-x-275-x-62-cm\/","title":{"rendered":"Luminaria de parede led quadrada extraplana 12 w 6500 k 1160 lm 27,5 x 27,5 x 6,2 cm"},"content":{"rendered":"","protected":false},"excerpt":{"rendered":"<p>Lumin\u00e1ria de parede com superf\u00edcie quadrada extra plana com 18 leds de 12 w 6500 k 1160 lm luz fria; n\u00edvel de prote\u00e7\u00e3o ip20; classe f; 220-240v; 27,5 x 27,5 x 6,2 cm<\/p>\n","protected":false},"featured_media":95086,"comment_status":"open","ping_status":"closed","template":"","meta":[],"product_brand":[],"product_cat":[17934,18008],"product_tag":[],"class_list":{"0":"post-95087","1":"product","2":"type-product","3":"status-publish","4":"has-post-thumbnail","6":"product_cat-apliques-interior-iluminacao","7":"product_cat-iluminacao","9":"first","10":"instock","11":"taxable","12":"shipping-taxable","13":"purchasable","14":"product-type-simple"},"_links":{"self":[{"href":"https:\/\/casafreitas.pt\/loja\/wp-json\/wp\/v2\/product\/95087","targetHints":{"allow":["GET"]}}],"collection":[{"href":"https:\/\/casafreitas.pt\/loja\/wp-json\/wp\/v2\/product"}],"about":[{"href":"https:\/\/casafreitas.pt\/loja\/wp-json\/wp\/v2\/types\/product"}],"replies":[{"embeddable":true,"href":"https:\/\/casafreitas.pt\/loja\/wp-json\/wp\/v2\/comments?post=95087"}],"version-history":[{"count":1,"href":"https:\/\/casafreitas.pt\/loja\/wp-json\/wp\/v2\/product\/95087\/revisions"}],"predecessor-version":[{"id":95088,"href":"https:\/\/casafreitas.pt\/loja\/wp-json\/wp\/v2\/product\/95087\/revisions\/95088"}],"wp:featuredmedia":[{"embeddable":true,"href":"https:\/\/casafreitas.pt\/loja\/wp-json\/wp\/v2\/media\/95086"}],"wp:attachment":[{"href":"https:\/\/casafreitas.pt\/loja\/wp-json\/wp\/v2\/media?parent=95087"}],"wp:term":[{"taxonomy":"product_brand","embeddable":true,"href":"https:\/\/casafreitas.pt\/loja\/wp-json\/wp\/v2\/product_brand?post=95087"},{"taxonomy":"product_cat","embeddable":true,"href":"https:\/\/casafreitas.pt\/loja\/wp-json\/wp\/v2\/product_cat?post=95087"},{"taxonomy":"product_tag","embeddable":true,"href":"https:\/\/casafreitas.pt\/loja\/wp-json\/wp\/v2\/product_tag?post=95087"}],"curies":[{"name":"wp","href":"https:\/\/api.w.org\/{rel}","templated":true}]}}