{"id":95066,"date":"2025-09-28T22:08:08","date_gmt":"2025-09-28T22:08:08","guid":{"rendered":"https:\/\/casafreitas.pt\/loja\/produto\/luminaria-parede-circular-led-superficie-12-w-4000-k-1160-lm-cor-branco-o25-x-62-cm\/"},"modified":"2025-10-24T01:06:52","modified_gmt":"2025-10-24T01:06:52","slug":"luminaria-parede-circular-led-superficie-12-w-4000-k-1160-lm-cor-branco-o25-x-62-cm","status":"publish","type":"product","link":"https:\/\/casafreitas.pt\/loja\/produto\/luminaria-parede-circular-led-superficie-12-w-4000-k-1160-lm-cor-branco-o25-x-62-cm\/","title":{"rendered":"Lumin\u00e1ria de parede circular led de superf\u00edcie 12 w 4000 k 1160 lm cor branco \u00f825 x 6,2 cm"},"content":{"rendered":"","protected":false},"excerpt":{"rendered":"<p>Lumin\u00e1ria de parede led circular extra plana de 12 w, 4000 k, 1160 lm, 18 leds, luz natural, \u00e2ngulo de abertura: 120\u00b0, fluxo luminoso: 360\u00b0, 220 &#8211; 240 v ~ 50 hz, ip20. vida \u00fatil estimada: 25.000 h, classe energ\u00e9tica: f, cor branca, dimens\u00f5es: \u00f8 25 x 6,2 cm<\/p>\n","protected":false},"featured_media":95065,"comment_status":"open","ping_status":"closed","template":"","meta":[],"product_brand":[],"product_cat":[17934,18008],"product_tag":[],"class_list":{"0":"post-95066","1":"product","2":"type-product","3":"status-publish","4":"has-post-thumbnail","6":"product_cat-apliques-interior-iluminacao","7":"product_cat-iluminacao","9":"first","10":"instock","11":"taxable","12":"shipping-taxable","13":"purchasable","14":"product-type-simple"},"_links":{"self":[{"href":"https:\/\/casafreitas.pt\/loja\/wp-json\/wp\/v2\/product\/95066","targetHints":{"allow":["GET"]}}],"collection":[{"href":"https:\/\/casafreitas.pt\/loja\/wp-json\/wp\/v2\/product"}],"about":[{"href":"https:\/\/casafreitas.pt\/loja\/wp-json\/wp\/v2\/types\/product"}],"replies":[{"embeddable":true,"href":"https:\/\/casafreitas.pt\/loja\/wp-json\/wp\/v2\/comments?post=95066"}],"version-history":[{"count":1,"href":"https:\/\/casafreitas.pt\/loja\/wp-json\/wp\/v2\/product\/95066\/revisions"}],"predecessor-version":[{"id":95067,"href":"https:\/\/casafreitas.pt\/loja\/wp-json\/wp\/v2\/product\/95066\/revisions\/95067"}],"wp:featuredmedia":[{"embeddable":true,"href":"https:\/\/casafreitas.pt\/loja\/wp-json\/wp\/v2\/media\/95065"}],"wp:attachment":[{"href":"https:\/\/casafreitas.pt\/loja\/wp-json\/wp\/v2\/media?parent=95066"}],"wp:term":[{"taxonomy":"product_brand","embeddable":true,"href":"https:\/\/casafreitas.pt\/loja\/wp-json\/wp\/v2\/product_brand?post=95066"},{"taxonomy":"product_cat","embeddable":true,"href":"https:\/\/casafreitas.pt\/loja\/wp-json\/wp\/v2\/product_cat?post=95066"},{"taxonomy":"product_tag","embeddable":true,"href":"https:\/\/casafreitas.pt\/loja\/wp-json\/wp\/v2\/product_tag?post=95066"}],"curies":[{"name":"wp","href":"https:\/\/api.w.org\/{rel}","templated":true}]}}