{"id":95015,"date":"2025-09-28T22:04:11","date_gmt":"2025-09-28T22:04:11","guid":{"rendered":"https:\/\/casafreitas.pt\/loja\/produto\/aplique-oval-led-com-crepusculo-sensor-movimento-18w-1820lm-4-000k-edm\/"},"modified":"2025-10-24T01:06:49","modified_gmt":"2025-10-24T01:06:49","slug":"aplique-oval-led-com-crepusculo-sensor-movimento-18w-1820lm-4-000k-edm","status":"publish","type":"product","link":"https:\/\/casafreitas.pt\/loja\/produto\/aplique-oval-led-com-crepusculo-sensor-movimento-18w-1820lm-4-000k-edm\/","title":{"rendered":"Aplique oval led com crep\u00fasculo e sensor de movimento 18w 1820lm 4.000k edm"},"content":{"rendered":"","protected":false},"excerpt":{"rendered":"<p>Aplique oval led com crep\u00fasculo e sensor de movimento 18w 1820lm 4.000k luz do dia, 48 leds, n\u00e3o di\u00e2mpagos, classe f, ip44, medidas: 10,2&#215;4,5x23cm. ativado somente no escuro. vida \u00fatil estimada 25000h edm<\/p>\n","protected":false},"featured_media":95014,"comment_status":"open","ping_status":"closed","template":"","meta":[],"product_brand":[],"product_cat":[17961,18008],"product_tag":[],"class_list":{"0":"post-95015","1":"product","2":"type-product","3":"status-publish","4":"has-post-thumbnail","6":"product_cat-luzes-de-parede-exteriores-iluminacao-2","7":"product_cat-iluminacao","9":"first","10":"instock","11":"taxable","12":"shipping-taxable","13":"purchasable","14":"product-type-simple"},"_links":{"self":[{"href":"https:\/\/casafreitas.pt\/loja\/wp-json\/wp\/v2\/product\/95015","targetHints":{"allow":["GET"]}}],"collection":[{"href":"https:\/\/casafreitas.pt\/loja\/wp-json\/wp\/v2\/product"}],"about":[{"href":"https:\/\/casafreitas.pt\/loja\/wp-json\/wp\/v2\/types\/product"}],"replies":[{"embeddable":true,"href":"https:\/\/casafreitas.pt\/loja\/wp-json\/wp\/v2\/comments?post=95015"}],"version-history":[{"count":1,"href":"https:\/\/casafreitas.pt\/loja\/wp-json\/wp\/v2\/product\/95015\/revisions"}],"predecessor-version":[{"id":95016,"href":"https:\/\/casafreitas.pt\/loja\/wp-json\/wp\/v2\/product\/95015\/revisions\/95016"}],"wp:featuredmedia":[{"embeddable":true,"href":"https:\/\/casafreitas.pt\/loja\/wp-json\/wp\/v2\/media\/95014"}],"wp:attachment":[{"href":"https:\/\/casafreitas.pt\/loja\/wp-json\/wp\/v2\/media?parent=95015"}],"wp:term":[{"taxonomy":"product_brand","embeddable":true,"href":"https:\/\/casafreitas.pt\/loja\/wp-json\/wp\/v2\/product_brand?post=95015"},{"taxonomy":"product_cat","embeddable":true,"href":"https:\/\/casafreitas.pt\/loja\/wp-json\/wp\/v2\/product_cat?post=95015"},{"taxonomy":"product_tag","embeddable":true,"href":"https:\/\/casafreitas.pt\/loja\/wp-json\/wp\/v2\/product_tag?post=95015"}],"curies":[{"name":"wp","href":"https:\/\/api.w.org\/{rel}","templated":true}]}}