{"id":95012,"date":"2025-09-28T22:03:58","date_gmt":"2025-09-28T22:03:58","guid":{"rendered":"https:\/\/casafreitas.pt\/loja\/produto\/candeeiro-parede-led-redondo-com-sensor-movimento-crepusculo-18w-1820lm-6-400k-luz-branca-edm\/"},"modified":"2025-10-24T01:06:49","modified_gmt":"2025-10-24T01:06:49","slug":"candeeiro-parede-led-redondo-com-sensor-movimento-crepusculo-18w-1820lm-6-400k-luz-branca-edm","status":"publish","type":"product","link":"https:\/\/casafreitas.pt\/loja\/produto\/candeeiro-parede-led-redondo-com-sensor-movimento-crepusculo-18w-1820lm-6-400k-luz-branca-edm\/","title":{"rendered":"Candeeiro de parede led redondo com sensor de movimento e crep\u00fasculo 18w 1820lm 6.400k luz branca edm"},"content":{"rendered":"","protected":false},"excerpt":{"rendered":"<p>Candeeiro de parede led redondo com sensor de movimento e crep\u00fasculo 18w 1820lm 6.400k, 48 leds, n\u00e3o di\u00e2mpagos, classe f, luz branca ativado somente no escuro, 23&#215;10,2&#215;4,5cm, vida \u00fatil estimada 25000h edm<\/p>\n","protected":false},"featured_media":95011,"comment_status":"open","ping_status":"closed","template":"","meta":[],"product_brand":[],"product_cat":[17961,18008],"product_tag":[],"class_list":{"0":"post-95012","1":"product","2":"type-product","3":"status-publish","4":"has-post-thumbnail","6":"product_cat-luzes-de-parede-exteriores-iluminacao-2","7":"product_cat-iluminacao","9":"first","10":"instock","11":"taxable","12":"shipping-taxable","13":"purchasable","14":"product-type-simple"},"_links":{"self":[{"href":"https:\/\/casafreitas.pt\/loja\/wp-json\/wp\/v2\/product\/95012","targetHints":{"allow":["GET"]}}],"collection":[{"href":"https:\/\/casafreitas.pt\/loja\/wp-json\/wp\/v2\/product"}],"about":[{"href":"https:\/\/casafreitas.pt\/loja\/wp-json\/wp\/v2\/types\/product"}],"replies":[{"embeddable":true,"href":"https:\/\/casafreitas.pt\/loja\/wp-json\/wp\/v2\/comments?post=95012"}],"version-history":[{"count":1,"href":"https:\/\/casafreitas.pt\/loja\/wp-json\/wp\/v2\/product\/95012\/revisions"}],"predecessor-version":[{"id":95013,"href":"https:\/\/casafreitas.pt\/loja\/wp-json\/wp\/v2\/product\/95012\/revisions\/95013"}],"wp:featuredmedia":[{"embeddable":true,"href":"https:\/\/casafreitas.pt\/loja\/wp-json\/wp\/v2\/media\/95011"}],"wp:attachment":[{"href":"https:\/\/casafreitas.pt\/loja\/wp-json\/wp\/v2\/media?parent=95012"}],"wp:term":[{"taxonomy":"product_brand","embeddable":true,"href":"https:\/\/casafreitas.pt\/loja\/wp-json\/wp\/v2\/product_brand?post=95012"},{"taxonomy":"product_cat","embeddable":true,"href":"https:\/\/casafreitas.pt\/loja\/wp-json\/wp\/v2\/product_cat?post=95012"},{"taxonomy":"product_tag","embeddable":true,"href":"https:\/\/casafreitas.pt\/loja\/wp-json\/wp\/v2\/product_tag?post=95012"}],"curies":[{"name":"wp","href":"https:\/\/api.w.org\/{rel}","templated":true}]}}