{"id":94991,"date":"2025-09-28T22:02:20","date_gmt":"2025-09-28T22:02:20","guid":{"rendered":"https:\/\/casafreitas.pt\/loja\/produto\/cabo-para-candeeiro-suspenso-silicone-e27-60w-cor-preto-edm\/"},"modified":"2025-10-24T01:06:48","modified_gmt":"2025-10-24T01:06:48","slug":"cabo-para-candeeiro-suspenso-silicone-e27-60w-cor-preto-edm","status":"publish","type":"product","link":"https:\/\/casafreitas.pt\/loja\/produto\/cabo-para-candeeiro-suspenso-silicone-e27-60w-cor-preto-edm\/","title":{"rendered":"Cabo para candeeiro suspenso de silicone e27 60w cor preto edm"},"content":{"rendered":"","protected":false},"excerpt":{"rendered":"<p>Cabo para candeeiro suspenso de silicone e27 cor preto. medidas: \u00f84,4x100cm pot\u00eancia m\u00e1xima: 60w. tens\u00e3o: 220-240v 50hz ce edm<\/p>\n","protected":false},"featured_media":94990,"comment_status":"open","ping_status":"closed","template":"","meta":[],"product_brand":[],"product_cat":[17956,18008],"product_tag":[],"class_list":{"0":"post-94991","1":"product","2":"type-product","3":"status-publish","4":"has-post-thumbnail","6":"product_cat-lampadas-de-teto-iluminacao-2","7":"product_cat-iluminacao","9":"first","10":"instock","11":"taxable","12":"shipping-taxable","13":"purchasable","14":"product-type-simple"},"_links":{"self":[{"href":"https:\/\/casafreitas.pt\/loja\/wp-json\/wp\/v2\/product\/94991","targetHints":{"allow":["GET"]}}],"collection":[{"href":"https:\/\/casafreitas.pt\/loja\/wp-json\/wp\/v2\/product"}],"about":[{"href":"https:\/\/casafreitas.pt\/loja\/wp-json\/wp\/v2\/types\/product"}],"replies":[{"embeddable":true,"href":"https:\/\/casafreitas.pt\/loja\/wp-json\/wp\/v2\/comments?post=94991"}],"version-history":[{"count":1,"href":"https:\/\/casafreitas.pt\/loja\/wp-json\/wp\/v2\/product\/94991\/revisions"}],"predecessor-version":[{"id":94992,"href":"https:\/\/casafreitas.pt\/loja\/wp-json\/wp\/v2\/product\/94991\/revisions\/94992"}],"wp:featuredmedia":[{"embeddable":true,"href":"https:\/\/casafreitas.pt\/loja\/wp-json\/wp\/v2\/media\/94990"}],"wp:attachment":[{"href":"https:\/\/casafreitas.pt\/loja\/wp-json\/wp\/v2\/media?parent=94991"}],"wp:term":[{"taxonomy":"product_brand","embeddable":true,"href":"https:\/\/casafreitas.pt\/loja\/wp-json\/wp\/v2\/product_brand?post=94991"},{"taxonomy":"product_cat","embeddable":true,"href":"https:\/\/casafreitas.pt\/loja\/wp-json\/wp\/v2\/product_cat?post=94991"},{"taxonomy":"product_tag","embeddable":true,"href":"https:\/\/casafreitas.pt\/loja\/wp-json\/wp\/v2\/product_tag?post=94991"}],"curies":[{"name":"wp","href":"https:\/\/api.w.org\/{rel}","templated":true}]}}