{"id":94898,"date":"2025-09-28T21:55:13","date_gmt":"2025-09-28T21:55:13","guid":{"rendered":"https:\/\/casafreitas.pt\/loja\/produto\/lampada-parede-led-recarregavel-1w-60lm-3-000k\/"},"modified":"2025-10-24T01:06:35","modified_gmt":"2025-10-24T01:06:35","slug":"lampada-parede-led-recarregavel-1w-60lm-3-000k","status":"publish","type":"product","link":"https:\/\/casafreitas.pt\/loja\/produto\/lampada-parede-led-recarregavel-1w-60lm-3-000k\/","title":{"rendered":"L\u00e2mpada de parede led recarreg\u00e1vel 1w 60lm 3.000k"},"content":{"rendered":"","protected":false},"excerpt":{"rendered":"<p>L\u00e2mpada de parede led recarreg\u00e1vel 1w 60lm 3.000k ip20, inclui bateria recarreg\u00e1vel 500mah, ra 80, \u00e2ngulo de abertura 360\u00ba, tomada de carregamento usb, inclui duas bases magn\u00e9ticas, apar\u00eancia de cor de madeira, inclui cabo de 30cm, dimens\u00f5es do produto: \u00f82,5cm a luz, \u00f86,5cm da superf\u00edcie e 18cm de comprimento<\/p>\n","protected":false},"featured_media":94897,"comment_status":"open","ping_status":"closed","template":"","meta":[],"product_brand":[],"product_cat":[17954,18008],"product_tag":[],"class_list":{"0":"post-94898","1":"product","2":"type-product","3":"status-publish","4":"has-post-thumbnail","6":"product_cat-lampadas-de-parede-iluminacao-2","7":"product_cat-iluminacao","9":"first","10":"instock","11":"taxable","12":"shipping-taxable","13":"purchasable","14":"product-type-simple"},"_links":{"self":[{"href":"https:\/\/casafreitas.pt\/loja\/wp-json\/wp\/v2\/product\/94898","targetHints":{"allow":["GET"]}}],"collection":[{"href":"https:\/\/casafreitas.pt\/loja\/wp-json\/wp\/v2\/product"}],"about":[{"href":"https:\/\/casafreitas.pt\/loja\/wp-json\/wp\/v2\/types\/product"}],"replies":[{"embeddable":true,"href":"https:\/\/casafreitas.pt\/loja\/wp-json\/wp\/v2\/comments?post=94898"}],"version-history":[{"count":1,"href":"https:\/\/casafreitas.pt\/loja\/wp-json\/wp\/v2\/product\/94898\/revisions"}],"predecessor-version":[{"id":94899,"href":"https:\/\/casafreitas.pt\/loja\/wp-json\/wp\/v2\/product\/94898\/revisions\/94899"}],"wp:featuredmedia":[{"embeddable":true,"href":"https:\/\/casafreitas.pt\/loja\/wp-json\/wp\/v2\/media\/94897"}],"wp:attachment":[{"href":"https:\/\/casafreitas.pt\/loja\/wp-json\/wp\/v2\/media?parent=94898"}],"wp:term":[{"taxonomy":"product_brand","embeddable":true,"href":"https:\/\/casafreitas.pt\/loja\/wp-json\/wp\/v2\/product_brand?post=94898"},{"taxonomy":"product_cat","embeddable":true,"href":"https:\/\/casafreitas.pt\/loja\/wp-json\/wp\/v2\/product_cat?post=94898"},{"taxonomy":"product_tag","embeddable":true,"href":"https:\/\/casafreitas.pt\/loja\/wp-json\/wp\/v2\/product_tag?post=94898"}],"curies":[{"name":"wp","href":"https:\/\/api.w.org\/{rel}","templated":true}]}}