{"id":94889,"date":"2025-09-28T21:54:33","date_gmt":"2025-09-28T21:54:33","guid":{"rendered":"https:\/\/casafreitas.pt\/loja\/produto\/candeeiro-parede-led-6w-570lm-4000k-luz-dia-ip65-o14x28cm-redondo-edm\/"},"modified":"2025-10-24T01:06:35","modified_gmt":"2025-10-24T01:06:35","slug":"candeeiro-parede-led-6w-570lm-4000k-luz-dia-ip65-o14x28cm-redondo-edm","status":"publish","type":"product","link":"https:\/\/casafreitas.pt\/loja\/produto\/candeeiro-parede-led-6w-570lm-4000k-luz-dia-ip65-o14x28cm-redondo-edm\/","title":{"rendered":"Candeeiro de parede led 6w 570lm 4000k luz dia ip65 \u00f814&#215;2,8cm redondo edm"},"content":{"rendered":"","protected":false},"excerpt":{"rendered":"<p>Candeeiro de parede led 6w 570lm 4000k luz dia ip65 redondo edm tamanho \u00f814&#215;2,8cm (di\u00e2metro\/altura), uso exterior ip65, n\u00e3o regul\u00e1vel, ra80, 25.000h, corpo de pl\u00e1stico. classe f 220-240v<\/p>\n","protected":false},"featured_media":94888,"comment_status":"open","ping_status":"closed","template":"","meta":[],"product_brand":[],"product_cat":[17961,18008],"product_tag":[],"class_list":{"0":"post-94889","1":"product","2":"type-product","3":"status-publish","4":"has-post-thumbnail","6":"product_cat-luzes-de-parede-exteriores-iluminacao-2","7":"product_cat-iluminacao","9":"first","10":"instock","11":"taxable","12":"shipping-taxable","13":"purchasable","14":"product-type-simple"},"_links":{"self":[{"href":"https:\/\/casafreitas.pt\/loja\/wp-json\/wp\/v2\/product\/94889","targetHints":{"allow":["GET"]}}],"collection":[{"href":"https:\/\/casafreitas.pt\/loja\/wp-json\/wp\/v2\/product"}],"about":[{"href":"https:\/\/casafreitas.pt\/loja\/wp-json\/wp\/v2\/types\/product"}],"replies":[{"embeddable":true,"href":"https:\/\/casafreitas.pt\/loja\/wp-json\/wp\/v2\/comments?post=94889"}],"version-history":[{"count":1,"href":"https:\/\/casafreitas.pt\/loja\/wp-json\/wp\/v2\/product\/94889\/revisions"}],"predecessor-version":[{"id":94890,"href":"https:\/\/casafreitas.pt\/loja\/wp-json\/wp\/v2\/product\/94889\/revisions\/94890"}],"wp:featuredmedia":[{"embeddable":true,"href":"https:\/\/casafreitas.pt\/loja\/wp-json\/wp\/v2\/media\/94888"}],"wp:attachment":[{"href":"https:\/\/casafreitas.pt\/loja\/wp-json\/wp\/v2\/media?parent=94889"}],"wp:term":[{"taxonomy":"product_brand","embeddable":true,"href":"https:\/\/casafreitas.pt\/loja\/wp-json\/wp\/v2\/product_brand?post=94889"},{"taxonomy":"product_cat","embeddable":true,"href":"https:\/\/casafreitas.pt\/loja\/wp-json\/wp\/v2\/product_cat?post=94889"},{"taxonomy":"product_tag","embeddable":true,"href":"https:\/\/casafreitas.pt\/loja\/wp-json\/wp\/v2\/product_tag?post=94889"}],"curies":[{"name":"wp","href":"https:\/\/api.w.org\/{rel}","templated":true}]}}