{"id":94874,"date":"2025-09-28T21:53:23","date_gmt":"2025-09-28T21:53:23","guid":{"rendered":"https:\/\/casafreitas.pt\/loja\/produto\/candeeiro-retangular-madeira-com-lampada-e27-medidas-14x9-6x28cm\/"},"modified":"2025-10-24T01:06:34","modified_gmt":"2025-10-24T01:06:34","slug":"candeeiro-retangular-madeira-com-lampada-e27-medidas-14x9-6x28cm","status":"publish","type":"product","link":"https:\/\/casafreitas.pt\/loja\/produto\/candeeiro-retangular-madeira-com-lampada-e27-medidas-14x9-6x28cm\/","title":{"rendered":"Candeeiro retangular de madeira com l\u00e2mpada e27. medidas: 14&#215;9.6x28cm"},"content":{"rendered":"","protected":false},"excerpt":{"rendered":"<p>Candeeiro retangular de madeira com l\u00e2mpada e27. medidas: 14&#215;9.6x28cm (l\u00e2mpada n\u00e3o inclu\u00edda)<\/p>\n","protected":false},"featured_media":94873,"comment_status":"open","ping_status":"closed","template":"","meta":[],"product_brand":[],"product_cat":[17939,18008],"product_tag":[],"class_list":{"0":"post-94874","1":"product","2":"type-product","3":"status-publish","4":"has-post-thumbnail","6":"product_cat-candeeiros-de-mesa-iluminacao-2","7":"product_cat-iluminacao","9":"first","10":"instock","11":"taxable","12":"shipping-taxable","13":"purchasable","14":"product-type-simple"},"_links":{"self":[{"href":"https:\/\/casafreitas.pt\/loja\/wp-json\/wp\/v2\/product\/94874","targetHints":{"allow":["GET"]}}],"collection":[{"href":"https:\/\/casafreitas.pt\/loja\/wp-json\/wp\/v2\/product"}],"about":[{"href":"https:\/\/casafreitas.pt\/loja\/wp-json\/wp\/v2\/types\/product"}],"replies":[{"embeddable":true,"href":"https:\/\/casafreitas.pt\/loja\/wp-json\/wp\/v2\/comments?post=94874"}],"version-history":[{"count":1,"href":"https:\/\/casafreitas.pt\/loja\/wp-json\/wp\/v2\/product\/94874\/revisions"}],"predecessor-version":[{"id":94875,"href":"https:\/\/casafreitas.pt\/loja\/wp-json\/wp\/v2\/product\/94874\/revisions\/94875"}],"wp:featuredmedia":[{"embeddable":true,"href":"https:\/\/casafreitas.pt\/loja\/wp-json\/wp\/v2\/media\/94873"}],"wp:attachment":[{"href":"https:\/\/casafreitas.pt\/loja\/wp-json\/wp\/v2\/media?parent=94874"}],"wp:term":[{"taxonomy":"product_brand","embeddable":true,"href":"https:\/\/casafreitas.pt\/loja\/wp-json\/wp\/v2\/product_brand?post=94874"},{"taxonomy":"product_cat","embeddable":true,"href":"https:\/\/casafreitas.pt\/loja\/wp-json\/wp\/v2\/product_cat?post=94874"},{"taxonomy":"product_tag","embeddable":true,"href":"https:\/\/casafreitas.pt\/loja\/wp-json\/wp\/v2\/product_tag?post=94874"}],"curies":[{"name":"wp","href":"https:\/\/api.w.org\/{rel}","templated":true}]}}