{"id":94865,"date":"2025-09-28T21:52:41","date_gmt":"2025-09-28T21:52:41","guid":{"rendered":"https:\/\/casafreitas.pt\/loja\/produto\/candeeiro-teto-metalico-e27-60w-cor-preto-o19x26x130cm-edm\/"},"modified":"2025-10-24T01:06:33","modified_gmt":"2025-10-24T01:06:33","slug":"candeeiro-teto-metalico-e27-60w-cor-preto-o19x26x130cm-edm","status":"publish","type":"product","link":"https:\/\/casafreitas.pt\/loja\/produto\/candeeiro-teto-metalico-e27-60w-cor-preto-o19x26x130cm-edm\/","title":{"rendered":"Candeeiro de teto met\u00e1lico e27 60w cor preto \u00f819x26x130cm edm"},"content":{"rendered":"","protected":false},"excerpt":{"rendered":"<p>Candeeiro de teto met\u00e1lica e27 (l\u00e2mpada n\u00e3o inclu\u00edda) pot\u00eancia m\u00e1xima: 60w. tamanho: \u00f819x26x130cm (di\u00e2metro\/altura\/comprimento) cor preta. tens\u00e3o: 220-240v edm<\/p>\n","protected":false},"featured_media":94864,"comment_status":"open","ping_status":"closed","template":"","meta":[],"product_brand":[],"product_cat":[17956,18008],"product_tag":[],"class_list":{"0":"post-94865","1":"product","2":"type-product","3":"status-publish","4":"has-post-thumbnail","6":"product_cat-lampadas-de-teto-iluminacao-2","7":"product_cat-iluminacao","9":"first","10":"instock","11":"taxable","12":"shipping-taxable","13":"purchasable","14":"product-type-simple"},"_links":{"self":[{"href":"https:\/\/casafreitas.pt\/loja\/wp-json\/wp\/v2\/product\/94865","targetHints":{"allow":["GET"]}}],"collection":[{"href":"https:\/\/casafreitas.pt\/loja\/wp-json\/wp\/v2\/product"}],"about":[{"href":"https:\/\/casafreitas.pt\/loja\/wp-json\/wp\/v2\/types\/product"}],"replies":[{"embeddable":true,"href":"https:\/\/casafreitas.pt\/loja\/wp-json\/wp\/v2\/comments?post=94865"}],"version-history":[{"count":1,"href":"https:\/\/casafreitas.pt\/loja\/wp-json\/wp\/v2\/product\/94865\/revisions"}],"predecessor-version":[{"id":94866,"href":"https:\/\/casafreitas.pt\/loja\/wp-json\/wp\/v2\/product\/94865\/revisions\/94866"}],"wp:featuredmedia":[{"embeddable":true,"href":"https:\/\/casafreitas.pt\/loja\/wp-json\/wp\/v2\/media\/94864"}],"wp:attachment":[{"href":"https:\/\/casafreitas.pt\/loja\/wp-json\/wp\/v2\/media?parent=94865"}],"wp:term":[{"taxonomy":"product_brand","embeddable":true,"href":"https:\/\/casafreitas.pt\/loja\/wp-json\/wp\/v2\/product_brand?post=94865"},{"taxonomy":"product_cat","embeddable":true,"href":"https:\/\/casafreitas.pt\/loja\/wp-json\/wp\/v2\/product_cat?post=94865"},{"taxonomy":"product_tag","embeddable":true,"href":"https:\/\/casafreitas.pt\/loja\/wp-json\/wp\/v2\/product_tag?post=94865"}],"curies":[{"name":"wp","href":"https:\/\/api.w.org\/{rel}","templated":true}]}}