{"id":94760,"date":"2025-09-28T21:40:39","date_gmt":"2025-09-28T21:40:39","guid":{"rendered":"https:\/\/casafreitas.pt\/loja\/produto\/projector-2-elementos-modelo-moon-gu-10-lampada-nao-incluida-cor-branco-cromadoosso-30-x-76-x-152-cm\/"},"modified":"2025-10-24T01:02:35","modified_gmt":"2025-10-24T01:02:35","slug":"projector-2-elementos-modelo-moon-gu-10-lampada-nao-incluida-cor-branco-cromadoosso-30-x-76-x-152-cm","status":"publish","type":"product","link":"https:\/\/casafreitas.pt\/loja\/produto\/projector-2-elementos-modelo-moon-gu-10-lampada-nao-incluida-cor-branco-cromadoosso-30-x-76-x-152-cm\/","title":{"rendered":"Projector 2 elementos modelo moon gu-10 (l\u00e2mpada n\u00e3o inclu\u00edda), cor branco cromado+osso, 30 x 7,6 x 15,2 cm"},"content":{"rendered":"","protected":false},"excerpt":{"rendered":"<p>Candeeiro de teto halog\u00e9nio 2 focos cor cromada+branco osso gu-10 modelo moon. pot\u00eancia m\u00e1xima: 50w (l\u00e2mpada n\u00e3o inclu\u00edda) 50hz medidas: 30&#215;7.6&#215;15.2cm (largura\/profundidade\/altura) tens\u00e3o: 220-240v edm<\/p>\n","protected":false},"featured_media":94759,"comment_status":"open","ping_status":"closed","template":"","meta":[],"product_brand":[],"product_cat":[17946,18008],"product_tag":[],"class_list":{"0":"post-94760","1":"product","2":"type-product","3":"status-publish","4":"has-post-thumbnail","6":"product_cat-focos-armaduras-iluminacao-2","7":"product_cat-iluminacao","9":"first","10":"instock","11":"taxable","12":"shipping-taxable","13":"purchasable","14":"product-type-simple"},"_links":{"self":[{"href":"https:\/\/casafreitas.pt\/loja\/wp-json\/wp\/v2\/product\/94760","targetHints":{"allow":["GET"]}}],"collection":[{"href":"https:\/\/casafreitas.pt\/loja\/wp-json\/wp\/v2\/product"}],"about":[{"href":"https:\/\/casafreitas.pt\/loja\/wp-json\/wp\/v2\/types\/product"}],"replies":[{"embeddable":true,"href":"https:\/\/casafreitas.pt\/loja\/wp-json\/wp\/v2\/comments?post=94760"}],"version-history":[{"count":1,"href":"https:\/\/casafreitas.pt\/loja\/wp-json\/wp\/v2\/product\/94760\/revisions"}],"predecessor-version":[{"id":94761,"href":"https:\/\/casafreitas.pt\/loja\/wp-json\/wp\/v2\/product\/94760\/revisions\/94761"}],"wp:featuredmedia":[{"embeddable":true,"href":"https:\/\/casafreitas.pt\/loja\/wp-json\/wp\/v2\/media\/94759"}],"wp:attachment":[{"href":"https:\/\/casafreitas.pt\/loja\/wp-json\/wp\/v2\/media?parent=94760"}],"wp:term":[{"taxonomy":"product_brand","embeddable":true,"href":"https:\/\/casafreitas.pt\/loja\/wp-json\/wp\/v2\/product_brand?post=94760"},{"taxonomy":"product_cat","embeddable":true,"href":"https:\/\/casafreitas.pt\/loja\/wp-json\/wp\/v2\/product_cat?post=94760"},{"taxonomy":"product_tag","embeddable":true,"href":"https:\/\/casafreitas.pt\/loja\/wp-json\/wp\/v2\/product_tag?post=94760"}],"curies":[{"name":"wp","href":"https:\/\/api.w.org\/{rel}","templated":true}]}}