{"id":94757,"date":"2025-09-28T21:40:23","date_gmt":"2025-09-28T21:40:23","guid":{"rendered":"https:\/\/casafreitas.pt\/loja\/produto\/projector-1-elemento-modelo-moon-gu-10-lampada-nao-incluida-cor-branco-cromadoosso-9-x-76-x-126-cm\/"},"modified":"2025-10-24T01:02:35","modified_gmt":"2025-10-24T01:02:35","slug":"projector-1-elemento-modelo-moon-gu-10-lampada-nao-incluida-cor-branco-cromadoosso-9-x-76-x-126-cm","status":"publish","type":"product","link":"https:\/\/casafreitas.pt\/loja\/produto\/projector-1-elemento-modelo-moon-gu-10-lampada-nao-incluida-cor-branco-cromadoosso-9-x-76-x-126-cm\/","title":{"rendered":"Projector 1 elemento, modelo moon gu-10 (l\u00e2mpada n\u00e3o inclu\u00edda), cor branco cromado+osso, \u00f8 9 x 7,6 x 12,6 cm"},"content":{"rendered":"","protected":false},"excerpt":{"rendered":"<p>Foco halog\u00e9neo de 1 elemento cor cromo+branco osso gu-10 modelo moon. pot\u00eancia m\u00e1xima: 50w (l\u00e2mpada n\u00e3o inclu\u00edda) 50hz tamanhos: \u00f89&#215;7.6&#215;12.6 tens\u00e3o: 220-240v edm<\/p>\n","protected":false},"featured_media":94756,"comment_status":"open","ping_status":"closed","template":"","meta":[],"product_brand":[],"product_cat":[17946,18008],"product_tag":[],"class_list":{"0":"post-94757","1":"product","2":"type-product","3":"status-publish","4":"has-post-thumbnail","6":"product_cat-focos-armaduras-iluminacao-2","7":"product_cat-iluminacao","9":"first","10":"instock","11":"taxable","12":"shipping-taxable","13":"purchasable","14":"product-type-simple"},"_links":{"self":[{"href":"https:\/\/casafreitas.pt\/loja\/wp-json\/wp\/v2\/product\/94757","targetHints":{"allow":["GET"]}}],"collection":[{"href":"https:\/\/casafreitas.pt\/loja\/wp-json\/wp\/v2\/product"}],"about":[{"href":"https:\/\/casafreitas.pt\/loja\/wp-json\/wp\/v2\/types\/product"}],"replies":[{"embeddable":true,"href":"https:\/\/casafreitas.pt\/loja\/wp-json\/wp\/v2\/comments?post=94757"}],"version-history":[{"count":1,"href":"https:\/\/casafreitas.pt\/loja\/wp-json\/wp\/v2\/product\/94757\/revisions"}],"predecessor-version":[{"id":94758,"href":"https:\/\/casafreitas.pt\/loja\/wp-json\/wp\/v2\/product\/94757\/revisions\/94758"}],"wp:featuredmedia":[{"embeddable":true,"href":"https:\/\/casafreitas.pt\/loja\/wp-json\/wp\/v2\/media\/94756"}],"wp:attachment":[{"href":"https:\/\/casafreitas.pt\/loja\/wp-json\/wp\/v2\/media?parent=94757"}],"wp:term":[{"taxonomy":"product_brand","embeddable":true,"href":"https:\/\/casafreitas.pt\/loja\/wp-json\/wp\/v2\/product_brand?post=94757"},{"taxonomy":"product_cat","embeddable":true,"href":"https:\/\/casafreitas.pt\/loja\/wp-json\/wp\/v2\/product_cat?post=94757"},{"taxonomy":"product_tag","embeddable":true,"href":"https:\/\/casafreitas.pt\/loja\/wp-json\/wp\/v2\/product_tag?post=94757"}],"curies":[{"name":"wp","href":"https:\/\/api.w.org\/{rel}","templated":true}]}}