{"id":94748,"date":"2025-09-28T21:39:41","date_gmt":"2025-09-28T21:39:41","guid":{"rendered":"https:\/\/casafreitas.pt\/loja\/produto\/projector-1-elemento-galaxy-modelo-e27-60-w-lampada-nao-incluida-cor-branco-9-x-14-cm\/"},"modified":"2025-10-24T01:02:35","modified_gmt":"2025-10-24T01:02:35","slug":"projector-1-elemento-galaxy-modelo-e27-60-w-lampada-nao-incluida-cor-branco-9-x-14-cm","status":"publish","type":"product","link":"https:\/\/casafreitas.pt\/loja\/produto\/projector-1-elemento-galaxy-modelo-e27-60-w-lampada-nao-incluida-cor-branco-9-x-14-cm\/","title":{"rendered":"Projector 1 elemento galaxy modelo e27 60 w (l\u00e2mpada n\u00e3o inclu\u00edda) cor branco \u00f8 9 x 14 cm"},"content":{"rendered":"","protected":false},"excerpt":{"rendered":"<p>Candeeiro 1 foco cor branco e27 modelo galaxy potencia maxima: 60w (l\u00e2mpada n\u00e3o inclu\u00edda). medida: \u00f88&#215;13,5cm, teto completo \u00f89x14cm,tension: 220-240v edm<\/p>\n","protected":false},"featured_media":94747,"comment_status":"open","ping_status":"closed","template":"","meta":[],"product_brand":[],"product_cat":[17946,18008],"product_tag":[],"class_list":{"0":"post-94748","1":"product","2":"type-product","3":"status-publish","4":"has-post-thumbnail","6":"product_cat-focos-armaduras-iluminacao-2","7":"product_cat-iluminacao","9":"first","10":"instock","11":"taxable","12":"shipping-taxable","13":"purchasable","14":"product-type-simple"},"_links":{"self":[{"href":"https:\/\/casafreitas.pt\/loja\/wp-json\/wp\/v2\/product\/94748","targetHints":{"allow":["GET"]}}],"collection":[{"href":"https:\/\/casafreitas.pt\/loja\/wp-json\/wp\/v2\/product"}],"about":[{"href":"https:\/\/casafreitas.pt\/loja\/wp-json\/wp\/v2\/types\/product"}],"replies":[{"embeddable":true,"href":"https:\/\/casafreitas.pt\/loja\/wp-json\/wp\/v2\/comments?post=94748"}],"version-history":[{"count":1,"href":"https:\/\/casafreitas.pt\/loja\/wp-json\/wp\/v2\/product\/94748\/revisions"}],"predecessor-version":[{"id":94749,"href":"https:\/\/casafreitas.pt\/loja\/wp-json\/wp\/v2\/product\/94748\/revisions\/94749"}],"wp:featuredmedia":[{"embeddable":true,"href":"https:\/\/casafreitas.pt\/loja\/wp-json\/wp\/v2\/media\/94747"}],"wp:attachment":[{"href":"https:\/\/casafreitas.pt\/loja\/wp-json\/wp\/v2\/media?parent=94748"}],"wp:term":[{"taxonomy":"product_brand","embeddable":true,"href":"https:\/\/casafreitas.pt\/loja\/wp-json\/wp\/v2\/product_brand?post=94748"},{"taxonomy":"product_cat","embeddable":true,"href":"https:\/\/casafreitas.pt\/loja\/wp-json\/wp\/v2\/product_cat?post=94748"},{"taxonomy":"product_tag","embeddable":true,"href":"https:\/\/casafreitas.pt\/loja\/wp-json\/wp\/v2\/product_tag?post=94748"}],"curies":[{"name":"wp","href":"https:\/\/api.w.org\/{rel}","templated":true}]}}