{"id":94730,"date":"2025-09-28T21:38:17","date_gmt":"2025-09-28T21:38:17","guid":{"rendered":"https:\/\/casafreitas.pt\/loja\/produto\/tira-led-luz-dia-4-000k-adesivo-5m-x-10-mm-8-w-m-100lm-w-24v-dc\/"},"modified":"2025-10-24T01:02:34","modified_gmt":"2025-10-24T01:02:34","slug":"tira-led-luz-dia-4-000k-adesivo-5m-x-10-mm-8-w-m-100lm-w-24v-dc","status":"publish","type":"product","link":"https:\/\/casafreitas.pt\/loja\/produto\/tira-led-luz-dia-4-000k-adesivo-5m-x-10-mm-8-w-m-100lm-w-24v-dc\/","title":{"rendered":"Tira de led luz do dia 4.000k adesivo 5m x 10 mm 8 w\/m 100lm\/w 24v dc"},"content":{"rendered":"","protected":false},"excerpt":{"rendered":"<p>Tira de led luz do dia, temperatura 4.000k, tamanho 5m x 10 mm, pot\u00eancia 8w\/m, 100lm\/w, com 120 leds smd2835 cada metro, adesivo 3m, ip65, pode ser cortado a cada10 cm; inclui tamb\u00e9m os seguintes acess\u00f3rios: 4 tampas de extremidade, 10 fixa\u00e7\u00f5es de silicone, 20 parafusos de fixa\u00e7\u00e3o e 1 tubo vedante de silicone. com transformador 24v dc<\/p>\n","protected":false},"featured_media":94729,"comment_status":"open","ping_status":"closed","template":"","meta":[],"product_brand":[],"product_cat":[17970,18008],"product_tag":[],"class_list":{"0":"post-94730","1":"product","2":"type-product","3":"status-publish","4":"has-post-thumbnail","6":"product_cat-tiras-led-e-acessorios-iluminacao-2","7":"product_cat-iluminacao","9":"first","10":"instock","11":"taxable","12":"shipping-taxable","13":"purchasable","14":"product-type-simple"},"_links":{"self":[{"href":"https:\/\/casafreitas.pt\/loja\/wp-json\/wp\/v2\/product\/94730","targetHints":{"allow":["GET"]}}],"collection":[{"href":"https:\/\/casafreitas.pt\/loja\/wp-json\/wp\/v2\/product"}],"about":[{"href":"https:\/\/casafreitas.pt\/loja\/wp-json\/wp\/v2\/types\/product"}],"replies":[{"embeddable":true,"href":"https:\/\/casafreitas.pt\/loja\/wp-json\/wp\/v2\/comments?post=94730"}],"version-history":[{"count":1,"href":"https:\/\/casafreitas.pt\/loja\/wp-json\/wp\/v2\/product\/94730\/revisions"}],"predecessor-version":[{"id":94731,"href":"https:\/\/casafreitas.pt\/loja\/wp-json\/wp\/v2\/product\/94730\/revisions\/94731"}],"wp:featuredmedia":[{"embeddable":true,"href":"https:\/\/casafreitas.pt\/loja\/wp-json\/wp\/v2\/media\/94729"}],"wp:attachment":[{"href":"https:\/\/casafreitas.pt\/loja\/wp-json\/wp\/v2\/media?parent=94730"}],"wp:term":[{"taxonomy":"product_brand","embeddable":true,"href":"https:\/\/casafreitas.pt\/loja\/wp-json\/wp\/v2\/product_brand?post=94730"},{"taxonomy":"product_cat","embeddable":true,"href":"https:\/\/casafreitas.pt\/loja\/wp-json\/wp\/v2\/product_cat?post=94730"},{"taxonomy":"product_tag","embeddable":true,"href":"https:\/\/casafreitas.pt\/loja\/wp-json\/wp\/v2\/product_tag?post=94730"}],"curies":[{"name":"wp","href":"https:\/\/api.w.org\/{rel}","templated":true}]}}