{"id":94685,"date":"2025-09-28T21:34:48","date_gmt":"2025-09-28T21:34:48","guid":{"rendered":"https:\/\/casafreitas.pt\/loja\/produto\/projetor-solar-slim-300w-2-500lm-6-500k\/"},"modified":"2025-10-24T01:02:23","modified_gmt":"2025-10-24T01:02:23","slug":"projetor-solar-slim-300w-2-500lm-6-500k","status":"publish","type":"product","link":"https:\/\/casafreitas.pt\/loja\/produto\/projetor-solar-slim-300w-2-500lm-6-500k\/","title":{"rendered":"Projetor solar slim 300w 2.500lm 6.500k."},"content":{"rendered":"","protected":false},"excerpt":{"rendered":"<p>Projetor solar slim focus 300w 2.500lm 6.500k. ip55, bateria 3,2v 20ah, painel solar 6v 20w. corpo em alum\u00ednio, frente em pl\u00e1stico. cabo de alimenta\u00e7\u00e3o de 3m, inclui controlo remoto; o foco est\u00e1 ligado autom\u00e1tico ao anoitecer e esta fun\u00e7\u00e3o n\u00e3o pode ser desativada permanentemente. tempo de trabalho 8-10h, tempo de carregamento 5-6h. medida 28,3&#215;4,8&#215;25,3cm, medida do painel 400x350x15mm.<\/p>\n","protected":false},"featured_media":94684,"comment_status":"open","ping_status":"closed","template":"","meta":[],"product_brand":[],"product_cat":[17965,18008],"product_tag":[],"class_list":{"0":"post-94685","1":"product","2":"type-product","3":"status-publish","4":"has-post-thumbnail","6":"product_cat-projetores-solares-de-led-iluminacao-2","7":"product_cat-iluminacao","9":"first","10":"instock","11":"taxable","12":"shipping-taxable","13":"purchasable","14":"product-type-simple"},"_links":{"self":[{"href":"https:\/\/casafreitas.pt\/loja\/wp-json\/wp\/v2\/product\/94685","targetHints":{"allow":["GET"]}}],"collection":[{"href":"https:\/\/casafreitas.pt\/loja\/wp-json\/wp\/v2\/product"}],"about":[{"href":"https:\/\/casafreitas.pt\/loja\/wp-json\/wp\/v2\/types\/product"}],"replies":[{"embeddable":true,"href":"https:\/\/casafreitas.pt\/loja\/wp-json\/wp\/v2\/comments?post=94685"}],"version-history":[{"count":1,"href":"https:\/\/casafreitas.pt\/loja\/wp-json\/wp\/v2\/product\/94685\/revisions"}],"predecessor-version":[{"id":94686,"href":"https:\/\/casafreitas.pt\/loja\/wp-json\/wp\/v2\/product\/94685\/revisions\/94686"}],"wp:featuredmedia":[{"embeddable":true,"href":"https:\/\/casafreitas.pt\/loja\/wp-json\/wp\/v2\/media\/94684"}],"wp:attachment":[{"href":"https:\/\/casafreitas.pt\/loja\/wp-json\/wp\/v2\/media?parent=94685"}],"wp:term":[{"taxonomy":"product_brand","embeddable":true,"href":"https:\/\/casafreitas.pt\/loja\/wp-json\/wp\/v2\/product_brand?post=94685"},{"taxonomy":"product_cat","embeddable":true,"href":"https:\/\/casafreitas.pt\/loja\/wp-json\/wp\/v2\/product_cat?post=94685"},{"taxonomy":"product_tag","embeddable":true,"href":"https:\/\/casafreitas.pt\/loja\/wp-json\/wp\/v2\/product_tag?post=94685"}],"curies":[{"name":"wp","href":"https:\/\/api.w.org\/{rel}","templated":true}]}}