{"id":94637,"date":"2025-09-28T21:31:12","date_gmt":"2025-09-28T21:31:12","guid":{"rendered":"https:\/\/casafreitas.pt\/loja\/produto\/candeeiro-parede-solar-1-5w-220lm-recarregavel-tempo-carga-5-6h-sensor-presenca-2-6m-cor-preto-96x73x14cm-edm\/"},"modified":"2025-10-24T01:02:07","modified_gmt":"2025-10-24T01:02:07","slug":"candeeiro-parede-solar-1-5w-220lm-recarregavel-tempo-carga-5-6h-sensor-presenca-2-6m-cor-preto-96x73x14cm-edm","status":"publish","type":"product","link":"https:\/\/casafreitas.pt\/loja\/produto\/candeeiro-parede-solar-1-5w-220lm-recarregavel-tempo-carga-5-6h-sensor-presenca-2-6m-cor-preto-96x73x14cm-edm\/","title":{"rendered":"Candeeiro de parede solar 1.5w 220lm recarreg\u00e1vel. tempo de carga 5-6h. sensor de presen\u00e7a (2-6m) cor preto 9,6&#215;7,3x14cm edm"},"content":{"rendered":"","protected":false},"excerpt":{"rendered":"<p>Candeeiro de parede solar 1.5w 220lm recarreg\u00e1vel. tempo de carga 5-6h. sensor de presen\u00e7a (2-6m) ilumina\u00e7\u00e3o dupla: frontal 6000k (abertura 120\u00b0), traseira 3000k. uso nterior\/exterior ip65. cor preto. dura\u00e7\u00e3o aprox. 24h dimens\u00f5es: 9,6&#215;7,3x14cm edm<\/p>\n","protected":false},"featured_media":94636,"comment_status":"open","ping_status":"closed","template":"","meta":[],"product_brand":[],"product_cat":[17957,18008],"product_tag":[],"class_list":{"0":"post-94637","1":"product","2":"type-product","3":"status-publish","4":"has-post-thumbnail","6":"product_cat-lampadas-solares-de-parede-iluminacao-2","7":"product_cat-iluminacao","9":"first","10":"instock","11":"taxable","12":"shipping-taxable","13":"purchasable","14":"product-type-simple"},"_links":{"self":[{"href":"https:\/\/casafreitas.pt\/loja\/wp-json\/wp\/v2\/product\/94637","targetHints":{"allow":["GET"]}}],"collection":[{"href":"https:\/\/casafreitas.pt\/loja\/wp-json\/wp\/v2\/product"}],"about":[{"href":"https:\/\/casafreitas.pt\/loja\/wp-json\/wp\/v2\/types\/product"}],"replies":[{"embeddable":true,"href":"https:\/\/casafreitas.pt\/loja\/wp-json\/wp\/v2\/comments?post=94637"}],"version-history":[{"count":1,"href":"https:\/\/casafreitas.pt\/loja\/wp-json\/wp\/v2\/product\/94637\/revisions"}],"predecessor-version":[{"id":94638,"href":"https:\/\/casafreitas.pt\/loja\/wp-json\/wp\/v2\/product\/94637\/revisions\/94638"}],"wp:featuredmedia":[{"embeddable":true,"href":"https:\/\/casafreitas.pt\/loja\/wp-json\/wp\/v2\/media\/94636"}],"wp:attachment":[{"href":"https:\/\/casafreitas.pt\/loja\/wp-json\/wp\/v2\/media?parent=94637"}],"wp:term":[{"taxonomy":"product_brand","embeddable":true,"href":"https:\/\/casafreitas.pt\/loja\/wp-json\/wp\/v2\/product_brand?post=94637"},{"taxonomy":"product_cat","embeddable":true,"href":"https:\/\/casafreitas.pt\/loja\/wp-json\/wp\/v2\/product_cat?post=94637"},{"taxonomy":"product_tag","embeddable":true,"href":"https:\/\/casafreitas.pt\/loja\/wp-json\/wp\/v2\/product_tag?post=94637"}],"curies":[{"name":"wp","href":"https:\/\/api.w.org\/{rel}","templated":true}]}}