{"id":94595,"date":"2025-09-28T21:27:57","date_gmt":"2025-09-28T21:27:57","guid":{"rendered":"https:\/\/casafreitas.pt\/loja\/produto\/foco-led-100-w-6400-k-10000-lm-o26-x-45-cm\/"},"modified":"2025-10-24T01:02:02","modified_gmt":"2025-10-24T01:02:02","slug":"foco-led-100-w-6400-k-10000-lm-o26-x-45-cm","status":"publish","type":"product","link":"https:\/\/casafreitas.pt\/loja\/produto\/foco-led-100-w-6400-k-10000-lm-o26-x-45-cm\/","title":{"rendered":"Foco led 100 w 6400 k 10000 lm \u00f826 x 4,5 cm"},"content":{"rendered":"","protected":false},"excerpt":{"rendered":"<p>Foco led 100 w 6400 k 10000 lm 90\u00b0 ip65. fabricado em alum\u00ednio df 0,9, ra 80, 144 leds. inclui conex\u00e3o \u00e0 prova de \u00e1gua ip68. dimens\u00f5es: \u00f826 x 4,5 cm<\/p>\n","protected":false},"featured_media":94594,"comment_status":"open","ping_status":"closed","template":"","meta":[],"product_brand":[],"product_cat":[17967,18008],"product_tag":[],"class_list":{"0":"post-94595","1":"product","2":"type-product","3":"status-publish","4":"has-post-thumbnail","6":"product_cat-sino-led-iluminacao-2","7":"product_cat-iluminacao","9":"first","10":"instock","11":"taxable","12":"shipping-taxable","13":"purchasable","14":"product-type-simple"},"_links":{"self":[{"href":"https:\/\/casafreitas.pt\/loja\/wp-json\/wp\/v2\/product\/94595","targetHints":{"allow":["GET"]}}],"collection":[{"href":"https:\/\/casafreitas.pt\/loja\/wp-json\/wp\/v2\/product"}],"about":[{"href":"https:\/\/casafreitas.pt\/loja\/wp-json\/wp\/v2\/types\/product"}],"replies":[{"embeddable":true,"href":"https:\/\/casafreitas.pt\/loja\/wp-json\/wp\/v2\/comments?post=94595"}],"version-history":[{"count":1,"href":"https:\/\/casafreitas.pt\/loja\/wp-json\/wp\/v2\/product\/94595\/revisions"}],"predecessor-version":[{"id":94596,"href":"https:\/\/casafreitas.pt\/loja\/wp-json\/wp\/v2\/product\/94595\/revisions\/94596"}],"wp:featuredmedia":[{"embeddable":true,"href":"https:\/\/casafreitas.pt\/loja\/wp-json\/wp\/v2\/media\/94594"}],"wp:attachment":[{"href":"https:\/\/casafreitas.pt\/loja\/wp-json\/wp\/v2\/media?parent=94595"}],"wp:term":[{"taxonomy":"product_brand","embeddable":true,"href":"https:\/\/casafreitas.pt\/loja\/wp-json\/wp\/v2\/product_brand?post=94595"},{"taxonomy":"product_cat","embeddable":true,"href":"https:\/\/casafreitas.pt\/loja\/wp-json\/wp\/v2\/product_cat?post=94595"},{"taxonomy":"product_tag","embeddable":true,"href":"https:\/\/casafreitas.pt\/loja\/wp-json\/wp\/v2\/product_tag?post=94595"}],"curies":[{"name":"wp","href":"https:\/\/api.w.org\/{rel}","templated":true}]}}