{"id":94586,"date":"2025-09-28T21:24:16","date_gmt":"2025-09-28T21:24:16","guid":{"rendered":"https:\/\/casafreitas.pt\/loja\/produto\/armadura-led-25w-4000k-luz-dia-2500lm-12x60x45cm-edm\/"},"modified":"2025-10-24T01:02:01","modified_gmt":"2025-10-24T01:02:01","slug":"armadura-led-25w-4000k-luz-dia-2500lm-12x60x45cm-edm","status":"publish","type":"product","link":"https:\/\/casafreitas.pt\/loja\/produto\/armadura-led-25w-4000k-luz-dia-2500lm-12x60x45cm-edm\/","title":{"rendered":"Armadura led 25w 4000k luz dia 2500lm 12x60x4,5cm edm"},"content":{"rendered":"","protected":false},"excerpt":{"rendered":"<p>Armadura led 25w 4000k luz dia 2500lm &#8211; quantidade de leds 273 &#8211; n\u00e3o regul\u00e1vel &#8211; \u00e2ngulo de abertura 110\u00b0 &#8211; acende rapidamente &#8211; n\u00e3o pisca &#8211; ra:80 &#8211; hg:0,0mg &#8211; 190ma &#8211; pf&gt;0,5 &#8211; 220-240v 50hz &#8211; ip20 &#8211; 25000h &#8211; classe e &#8211; dimens\u00f5es: 12x60x4.5cm &#8211; edm<\/p>\n","protected":false},"featured_media":94585,"comment_status":"open","ping_status":"closed","template":"","meta":[],"product_brand":[],"product_cat":[17936,18008],"product_tag":[],"class_list":{"0":"post-94586","1":"product","2":"type-product","3":"status-publish","4":"has-post-thumbnail","6":"product_cat-armaduras-de-interior-iluminacao","7":"product_cat-iluminacao","9":"first","10":"instock","11":"taxable","12":"shipping-taxable","13":"purchasable","14":"product-type-simple"},"_links":{"self":[{"href":"https:\/\/casafreitas.pt\/loja\/wp-json\/wp\/v2\/product\/94586","targetHints":{"allow":["GET"]}}],"collection":[{"href":"https:\/\/casafreitas.pt\/loja\/wp-json\/wp\/v2\/product"}],"about":[{"href":"https:\/\/casafreitas.pt\/loja\/wp-json\/wp\/v2\/types\/product"}],"replies":[{"embeddable":true,"href":"https:\/\/casafreitas.pt\/loja\/wp-json\/wp\/v2\/comments?post=94586"}],"version-history":[{"count":1,"href":"https:\/\/casafreitas.pt\/loja\/wp-json\/wp\/v2\/product\/94586\/revisions"}],"predecessor-version":[{"id":94587,"href":"https:\/\/casafreitas.pt\/loja\/wp-json\/wp\/v2\/product\/94586\/revisions\/94587"}],"wp:featuredmedia":[{"embeddable":true,"href":"https:\/\/casafreitas.pt\/loja\/wp-json\/wp\/v2\/media\/94585"}],"wp:attachment":[{"href":"https:\/\/casafreitas.pt\/loja\/wp-json\/wp\/v2\/media?parent=94586"}],"wp:term":[{"taxonomy":"product_brand","embeddable":true,"href":"https:\/\/casafreitas.pt\/loja\/wp-json\/wp\/v2\/product_brand?post=94586"},{"taxonomy":"product_cat","embeddable":true,"href":"https:\/\/casafreitas.pt\/loja\/wp-json\/wp\/v2\/product_cat?post=94586"},{"taxonomy":"product_tag","embeddable":true,"href":"https:\/\/casafreitas.pt\/loja\/wp-json\/wp\/v2\/product_tag?post=94586"}],"curies":[{"name":"wp","href":"https:\/\/api.w.org\/{rel}","templated":true}]}}