{"id":94553,"date":"2025-09-28T21:21:29","date_gmt":"2025-09-28T21:21:29","guid":{"rendered":"https:\/\/casafreitas.pt\/loja\/produto\/armadura-eletronica-led-18w-1650lm-4000k-luz-dia-1138x25x36cm-edm\/"},"modified":"2025-10-24T01:01:56","modified_gmt":"2025-10-24T01:01:56","slug":"armadura-eletronica-led-18w-1650lm-4000k-luz-dia-1138x25x36cm-edm","status":"publish","type":"product","link":"https:\/\/casafreitas.pt\/loja\/produto\/armadura-eletronica-led-18w-1650lm-4000k-luz-dia-1138x25x36cm-edm\/","title":{"rendered":"Armadura eletr\u00f3nica led 18w 1650lm 4000k luz dia 113,8&#215;2,5&#215;3,6cm edm"},"content":{"rendered":"","protected":false},"excerpt":{"rendered":"<p>Armadura eletr\u00f3nica led 18w 1650lm medidas:113,8&#215;2,5&#215;3,6cm 4000k luz dia ip20 220-240v 25.000h. conect\u00e1veis m\u00e1ximo 12 pe\u00e7as. edm<\/p>\n","protected":false},"featured_media":94552,"comment_status":"open","ping_status":"closed","template":"","meta":[],"product_brand":[],"product_cat":[17936,18008],"product_tag":[],"class_list":{"0":"post-94553","1":"product","2":"type-product","3":"status-publish","4":"has-post-thumbnail","6":"product_cat-armaduras-de-interior-iluminacao","7":"product_cat-iluminacao","9":"first","10":"instock","11":"taxable","12":"shipping-taxable","13":"purchasable","14":"product-type-simple"},"_links":{"self":[{"href":"https:\/\/casafreitas.pt\/loja\/wp-json\/wp\/v2\/product\/94553","targetHints":{"allow":["GET"]}}],"collection":[{"href":"https:\/\/casafreitas.pt\/loja\/wp-json\/wp\/v2\/product"}],"about":[{"href":"https:\/\/casafreitas.pt\/loja\/wp-json\/wp\/v2\/types\/product"}],"replies":[{"embeddable":true,"href":"https:\/\/casafreitas.pt\/loja\/wp-json\/wp\/v2\/comments?post=94553"}],"version-history":[{"count":1,"href":"https:\/\/casafreitas.pt\/loja\/wp-json\/wp\/v2\/product\/94553\/revisions"}],"predecessor-version":[{"id":94554,"href":"https:\/\/casafreitas.pt\/loja\/wp-json\/wp\/v2\/product\/94553\/revisions\/94554"}],"wp:featuredmedia":[{"embeddable":true,"href":"https:\/\/casafreitas.pt\/loja\/wp-json\/wp\/v2\/media\/94552"}],"wp:attachment":[{"href":"https:\/\/casafreitas.pt\/loja\/wp-json\/wp\/v2\/media?parent=94553"}],"wp:term":[{"taxonomy":"product_brand","embeddable":true,"href":"https:\/\/casafreitas.pt\/loja\/wp-json\/wp\/v2\/product_brand?post=94553"},{"taxonomy":"product_cat","embeddable":true,"href":"https:\/\/casafreitas.pt\/loja\/wp-json\/wp\/v2\/product_cat?post=94553"},{"taxonomy":"product_tag","embeddable":true,"href":"https:\/\/casafreitas.pt\/loja\/wp-json\/wp\/v2\/product_tag?post=94553"}],"curies":[{"name":"wp","href":"https:\/\/api.w.org\/{rel}","templated":true}]}}