{"id":94508,"date":"2025-09-28T21:17:59","date_gmt":"2025-09-28T21:17:59","guid":{"rendered":"https:\/\/casafreitas.pt\/loja\/produto\/armadura-led-com-sensor-7-w-480-lm-6500-k-luz-fria-439-x-5-5-cm\/"},"modified":"2025-10-24T01:01:51","modified_gmt":"2025-10-24T01:01:51","slug":"armadura-led-com-sensor-7-w-480-lm-6500-k-luz-fria-439-x-5-5-cm","status":"publish","type":"product","link":"https:\/\/casafreitas.pt\/loja\/produto\/armadura-led-com-sensor-7-w-480-lm-6500-k-luz-fria-439-x-5-5-cm\/","title":{"rendered":"Armadura led com sensor 7 w 480 lm 6500 k luz fria 43,9 x 5.5 cm"},"content":{"rendered":"","protected":false},"excerpt":{"rendered":"<p>Armadura led com sensor 7 w 480 lm 6500 k luz fria ip20 110\u00b0 com suportes (ideal para m\u00f3veis de cozinha, arm\u00e1rios, etc.) dimens\u00f5es: 43,9 x 5,5 cm 220-240v 25.000 h<\/p>\n","protected":false},"featured_media":94507,"comment_status":"open","ping_status":"closed","template":"","meta":[],"product_brand":[],"product_cat":[17971,18008],"product_tag":[],"class_list":{"0":"post-94508","1":"product","2":"type-product","3":"status-publish","4":"has-post-thumbnail","6":"product_cat-tiras-para-baixo-do-armario-iluminacao-2","7":"product_cat-iluminacao","9":"first","10":"instock","11":"taxable","12":"shipping-taxable","13":"purchasable","14":"product-type-simple"},"_links":{"self":[{"href":"https:\/\/casafreitas.pt\/loja\/wp-json\/wp\/v2\/product\/94508","targetHints":{"allow":["GET"]}}],"collection":[{"href":"https:\/\/casafreitas.pt\/loja\/wp-json\/wp\/v2\/product"}],"about":[{"href":"https:\/\/casafreitas.pt\/loja\/wp-json\/wp\/v2\/types\/product"}],"replies":[{"embeddable":true,"href":"https:\/\/casafreitas.pt\/loja\/wp-json\/wp\/v2\/comments?post=94508"}],"version-history":[{"count":1,"href":"https:\/\/casafreitas.pt\/loja\/wp-json\/wp\/v2\/product\/94508\/revisions"}],"predecessor-version":[{"id":94509,"href":"https:\/\/casafreitas.pt\/loja\/wp-json\/wp\/v2\/product\/94508\/revisions\/94509"}],"wp:featuredmedia":[{"embeddable":true,"href":"https:\/\/casafreitas.pt\/loja\/wp-json\/wp\/v2\/media\/94507"}],"wp:attachment":[{"href":"https:\/\/casafreitas.pt\/loja\/wp-json\/wp\/v2\/media?parent=94508"}],"wp:term":[{"taxonomy":"product_brand","embeddable":true,"href":"https:\/\/casafreitas.pt\/loja\/wp-json\/wp\/v2\/product_brand?post=94508"},{"taxonomy":"product_cat","embeddable":true,"href":"https:\/\/casafreitas.pt\/loja\/wp-json\/wp\/v2\/product_cat?post=94508"},{"taxonomy":"product_tag","embeddable":true,"href":"https:\/\/casafreitas.pt\/loja\/wp-json\/wp\/v2\/product_tag?post=94508"}],"curies":[{"name":"wp","href":"https:\/\/api.w.org\/{rel}","templated":true}]}}