{"id":94283,"date":"2025-09-28T20:57:19","date_gmt":"2025-09-28T20:57:19","guid":{"rendered":"https:\/\/casafreitas.pt\/loja\/produto\/tubo-fluorescente-18-w-6500-k-1250-lm-t8-60-cm-g13-luz-fria\/"},"modified":"2025-10-24T01:01:45","modified_gmt":"2025-10-24T01:01:45","slug":"tubo-fluorescente-18-w-6500-k-1250-lm-t8-60-cm-g13-luz-fria","status":"publish","type":"product","link":"https:\/\/casafreitas.pt\/loja\/produto\/tubo-fluorescente-18-w-6500-k-1250-lm-t8-60-cm-g13-luz-fria\/","title":{"rendered":"Tubo fluorescente 18 w 6500 k 1250 lm t8 60 cm g13 luz fria"},"content":{"rendered":"","protected":false},"excerpt":{"rendered":"<p>Tubo fluorescente 18 w 6500 k 1250 lm g13 t8. luz fria, 57 v &#8211; 370 ma, \u00e2ngulo de abertura: 360\u00b0, vida \u00fatil: 20.000 h, classe energ\u00e9tica: g. dimens\u00f5es: \u00f8 26 x 590 mm<\/p>\n","protected":false},"featured_media":94282,"comment_status":"open","ping_status":"closed","template":"","meta":[],"product_brand":[],"product_cat":[17670,18004],"product_tag":[],"class_list":{"0":"post-94283","1":"product","2":"type-product","3":"status-publish","4":"has-post-thumbnail","6":"product_cat-tubos-fluorescentes-construcao","7":"product_cat-construcao","9":"first","10":"instock","11":"taxable","12":"shipping-taxable","13":"purchasable","14":"product-type-simple"},"_links":{"self":[{"href":"https:\/\/casafreitas.pt\/loja\/wp-json\/wp\/v2\/product\/94283","targetHints":{"allow":["GET"]}}],"collection":[{"href":"https:\/\/casafreitas.pt\/loja\/wp-json\/wp\/v2\/product"}],"about":[{"href":"https:\/\/casafreitas.pt\/loja\/wp-json\/wp\/v2\/types\/product"}],"replies":[{"embeddable":true,"href":"https:\/\/casafreitas.pt\/loja\/wp-json\/wp\/v2\/comments?post=94283"}],"version-history":[{"count":1,"href":"https:\/\/casafreitas.pt\/loja\/wp-json\/wp\/v2\/product\/94283\/revisions"}],"predecessor-version":[{"id":94284,"href":"https:\/\/casafreitas.pt\/loja\/wp-json\/wp\/v2\/product\/94283\/revisions\/94284"}],"wp:featuredmedia":[{"embeddable":true,"href":"https:\/\/casafreitas.pt\/loja\/wp-json\/wp\/v2\/media\/94282"}],"wp:attachment":[{"href":"https:\/\/casafreitas.pt\/loja\/wp-json\/wp\/v2\/media?parent=94283"}],"wp:term":[{"taxonomy":"product_brand","embeddable":true,"href":"https:\/\/casafreitas.pt\/loja\/wp-json\/wp\/v2\/product_brand?post=94283"},{"taxonomy":"product_cat","embeddable":true,"href":"https:\/\/casafreitas.pt\/loja\/wp-json\/wp\/v2\/product_cat?post=94283"},{"taxonomy":"product_tag","embeddable":true,"href":"https:\/\/casafreitas.pt\/loja\/wp-json\/wp\/v2\/product_tag?post=94283"}],"curies":[{"name":"wp","href":"https:\/\/api.w.org\/{rel}","templated":true}]}}