{"id":94220,"date":"2025-09-28T20:52:20","date_gmt":"2025-09-28T20:52:20","guid":{"rendered":"https:\/\/casafreitas.pt\/loja\/produto\/tubo-circular-fluorescente-32w-o30cm-trifosforo-6500k-luz-fria-philips\/"},"modified":"2025-10-24T01:01:40","modified_gmt":"2025-10-24T01:01:40","slug":"tubo-circular-fluorescente-32w-o30cm-trifosforo-6500k-luz-fria-philips","status":"publish","type":"product","link":"https:\/\/casafreitas.pt\/loja\/produto\/tubo-circular-fluorescente-32w-o30cm-trifosforo-6500k-luz-fria-philips\/","title":{"rendered":"Tubo circular fluorescente 32w \u00f830cm trif\u00f3sforo 6500k luz fria philips"},"content":{"rendered":"","protected":false},"excerpt":{"rendered":"<p>Tubo circular fluorescente 32w trif\u00f3sforo 6500k luz fria. medidas: \u00f830cm. \u00e2ngulo de abertura: 360\u00b0. luminosidade: 2310lm. classe de energia: g. philips<\/p>\n","protected":false},"featured_media":94219,"comment_status":"open","ping_status":"closed","template":"","meta":[],"product_brand":[],"product_cat":[17668,18004],"product_tag":[],"class_list":{"0":"post-94220","1":"product","2":"type-product","3":"status-publish","4":"has-post-thumbnail","6":"product_cat-tubos-circulares-construcao","7":"product_cat-construcao","9":"first","10":"instock","11":"taxable","12":"shipping-taxable","13":"purchasable","14":"product-type-simple"},"_links":{"self":[{"href":"https:\/\/casafreitas.pt\/loja\/wp-json\/wp\/v2\/product\/94220","targetHints":{"allow":["GET"]}}],"collection":[{"href":"https:\/\/casafreitas.pt\/loja\/wp-json\/wp\/v2\/product"}],"about":[{"href":"https:\/\/casafreitas.pt\/loja\/wp-json\/wp\/v2\/types\/product"}],"replies":[{"embeddable":true,"href":"https:\/\/casafreitas.pt\/loja\/wp-json\/wp\/v2\/comments?post=94220"}],"version-history":[{"count":1,"href":"https:\/\/casafreitas.pt\/loja\/wp-json\/wp\/v2\/product\/94220\/revisions"}],"predecessor-version":[{"id":94221,"href":"https:\/\/casafreitas.pt\/loja\/wp-json\/wp\/v2\/product\/94220\/revisions\/94221"}],"wp:featuredmedia":[{"embeddable":true,"href":"https:\/\/casafreitas.pt\/loja\/wp-json\/wp\/v2\/media\/94219"}],"wp:attachment":[{"href":"https:\/\/casafreitas.pt\/loja\/wp-json\/wp\/v2\/media?parent=94220"}],"wp:term":[{"taxonomy":"product_brand","embeddable":true,"href":"https:\/\/casafreitas.pt\/loja\/wp-json\/wp\/v2\/product_brand?post=94220"},{"taxonomy":"product_cat","embeddable":true,"href":"https:\/\/casafreitas.pt\/loja\/wp-json\/wp\/v2\/product_cat?post=94220"},{"taxonomy":"product_tag","embeddable":true,"href":"https:\/\/casafreitas.pt\/loja\/wp-json\/wp\/v2\/product_tag?post=94220"}],"curies":[{"name":"wp","href":"https:\/\/api.w.org\/{rel}","templated":true}]}}