{"id":94217,"date":"2025-09-28T20:52:06","date_gmt":"2025-09-28T20:52:06","guid":{"rendered":"https:\/\/casafreitas.pt\/loja\/produto\/tubo-circular-fluorescente-22w-o21cm-trifosforo-6500k-luz-fria-philips\/"},"modified":"2025-10-24T01:01:40","modified_gmt":"2025-10-24T01:01:40","slug":"tubo-circular-fluorescente-22w-o21cm-trifosforo-6500k-luz-fria-philips","status":"publish","type":"product","link":"https:\/\/casafreitas.pt\/loja\/produto\/tubo-circular-fluorescente-22w-o21cm-trifosforo-6500k-luz-fria-philips\/","title":{"rendered":"Tubo circular fluorescente 22w \u00f821cm trif\u00f3sforo 6500k luz fria philips"},"content":{"rendered":"","protected":false},"excerpt":{"rendered":"<p>Tubo circular fluorescente 22w trif\u00f3sforo 6500k luz fria. medidas: \u00f821cm. \u00e2ngulo de abertura: 360\u00b0. luminosidade: 1250lm. classe de energia: g. philips<\/p>\n","protected":false},"featured_media":94216,"comment_status":"open","ping_status":"closed","template":"","meta":[],"product_brand":[],"product_cat":[17668,18004],"product_tag":[],"class_list":{"0":"post-94217","1":"product","2":"type-product","3":"status-publish","4":"has-post-thumbnail","6":"product_cat-tubos-circulares-construcao","7":"product_cat-construcao","9":"first","10":"instock","11":"taxable","12":"shipping-taxable","13":"purchasable","14":"product-type-simple"},"_links":{"self":[{"href":"https:\/\/casafreitas.pt\/loja\/wp-json\/wp\/v2\/product\/94217","targetHints":{"allow":["GET"]}}],"collection":[{"href":"https:\/\/casafreitas.pt\/loja\/wp-json\/wp\/v2\/product"}],"about":[{"href":"https:\/\/casafreitas.pt\/loja\/wp-json\/wp\/v2\/types\/product"}],"replies":[{"embeddable":true,"href":"https:\/\/casafreitas.pt\/loja\/wp-json\/wp\/v2\/comments?post=94217"}],"version-history":[{"count":1,"href":"https:\/\/casafreitas.pt\/loja\/wp-json\/wp\/v2\/product\/94217\/revisions"}],"predecessor-version":[{"id":94218,"href":"https:\/\/casafreitas.pt\/loja\/wp-json\/wp\/v2\/product\/94217\/revisions\/94218"}],"wp:featuredmedia":[{"embeddable":true,"href":"https:\/\/casafreitas.pt\/loja\/wp-json\/wp\/v2\/media\/94216"}],"wp:attachment":[{"href":"https:\/\/casafreitas.pt\/loja\/wp-json\/wp\/v2\/media?parent=94217"}],"wp:term":[{"taxonomy":"product_brand","embeddable":true,"href":"https:\/\/casafreitas.pt\/loja\/wp-json\/wp\/v2\/product_brand?post=94217"},{"taxonomy":"product_cat","embeddable":true,"href":"https:\/\/casafreitas.pt\/loja\/wp-json\/wp\/v2\/product_cat?post=94217"},{"taxonomy":"product_tag","embeddable":true,"href":"https:\/\/casafreitas.pt\/loja\/wp-json\/wp\/v2\/product_tag?post=94217"}],"curies":[{"name":"wp","href":"https:\/\/api.w.org\/{rel}","templated":true}]}}