{"id":94196,"date":"2025-09-28T20:50:23","date_gmt":"2025-09-28T20:50:23","guid":{"rendered":"https:\/\/casafreitas.pt\/loja\/produto\/projetor-led-exterior-lois-preto-20-w-5000-k-2050-lm\/"},"modified":"2025-10-24T01:01:39","modified_gmt":"2025-10-24T01:01:39","slug":"projetor-led-exterior-lois-preto-20-w-5000-k-2050-lm","status":"publish","type":"product","link":"https:\/\/casafreitas.pt\/loja\/produto\/projetor-led-exterior-lois-preto-20-w-5000-k-2050-lm\/","title":{"rendered":"Projetor led, exterior, lois, preto, 20 w, 5000 k, 2050 lm"},"content":{"rendered":"","protected":false},"excerpt":{"rendered":"<p>Projetor led lois para exteriores, 20 w, 5000 k, 2050 lm, luz fria, 220 &#8211; 240 v ~ 50\/60 hz. ip65. fluxo luminoso de 360\u00b0, vida \u00fatil estimada: 15.000 h; distribui\u00e7\u00e3o uniforme da luz, preto. dimens\u00f5es: 13 x 2,4 x 11,2 cm<\/p>\n","protected":false},"featured_media":94195,"comment_status":"open","ping_status":"closed","template":"","meta":[],"product_brand":[],"product_cat":[17964,18008],"product_tag":[],"class_list":{"0":"post-94196","1":"product","2":"type-product","3":"status-publish","4":"has-post-thumbnail","6":"product_cat-projetores-led-iluminacao-2","7":"product_cat-iluminacao","9":"first","10":"instock","11":"taxable","12":"shipping-taxable","13":"purchasable","14":"product-type-simple"},"_links":{"self":[{"href":"https:\/\/casafreitas.pt\/loja\/wp-json\/wp\/v2\/product\/94196","targetHints":{"allow":["GET"]}}],"collection":[{"href":"https:\/\/casafreitas.pt\/loja\/wp-json\/wp\/v2\/product"}],"about":[{"href":"https:\/\/casafreitas.pt\/loja\/wp-json\/wp\/v2\/types\/product"}],"replies":[{"embeddable":true,"href":"https:\/\/casafreitas.pt\/loja\/wp-json\/wp\/v2\/comments?post=94196"}],"version-history":[{"count":1,"href":"https:\/\/casafreitas.pt\/loja\/wp-json\/wp\/v2\/product\/94196\/revisions"}],"predecessor-version":[{"id":94197,"href":"https:\/\/casafreitas.pt\/loja\/wp-json\/wp\/v2\/product\/94196\/revisions\/94197"}],"wp:featuredmedia":[{"embeddable":true,"href":"https:\/\/casafreitas.pt\/loja\/wp-json\/wp\/v2\/media\/94195"}],"wp:attachment":[{"href":"https:\/\/casafreitas.pt\/loja\/wp-json\/wp\/v2\/media?parent=94196"}],"wp:term":[{"taxonomy":"product_brand","embeddable":true,"href":"https:\/\/casafreitas.pt\/loja\/wp-json\/wp\/v2\/product_brand?post=94196"},{"taxonomy":"product_cat","embeddable":true,"href":"https:\/\/casafreitas.pt\/loja\/wp-json\/wp\/v2\/product_cat?post=94196"},{"taxonomy":"product_tag","embeddable":true,"href":"https:\/\/casafreitas.pt\/loja\/wp-json\/wp\/v2\/product_tag?post=94196"}],"curies":[{"name":"wp","href":"https:\/\/api.w.org\/{rel}","templated":true}]}}