{"id":94160,"date":"2025-09-28T20:47:43","date_gmt":"2025-09-28T20:47:43","guid":{"rendered":"https:\/\/casafreitas.pt\/loja\/produto\/armadura-estanque-projectline-4000-k-2000-lm-luz-dia-58-x-6-x-6-cm\/"},"modified":"2025-10-24T01:01:38","modified_gmt":"2025-10-24T01:01:38","slug":"armadura-estanque-projectline-4000-k-2000-lm-luz-dia-58-x-6-x-6-cm","status":"publish","type":"product","link":"https:\/\/casafreitas.pt\/loja\/produto\/armadura-estanque-projectline-4000-k-2000-lm-luz-dia-58-x-6-x-6-cm\/","title":{"rendered":"Armadura estanque projectline 4000 k 2000 lm luz do dia 58 x 6 x 6 cm"},"content":{"rendered":"","protected":false},"excerpt":{"rendered":"<p>Armadura estanque projectline; luz do dia, 220 &#8211; 240 v &#8211; 50\/60 hz, 18 w, 4000 k, 2000 lm, ip65, vida \u00fatil estimada 35.000 h, podem ser ligados at\u00e9 6 em linha, dimens\u00f5es 58 x 6 x 6 cm<\/p>\n","protected":false},"featured_media":94159,"comment_status":"open","ping_status":"closed","template":"","meta":[],"product_brand":[],"product_cat":[17935,18008],"product_tag":[],"class_list":{"0":"post-94160","1":"product","2":"type-product","3":"status-publish","4":"has-post-thumbnail","6":"product_cat-armaduras-de-exterior-iluminacao","7":"product_cat-iluminacao","9":"first","10":"instock","11":"taxable","12":"shipping-taxable","13":"purchasable","14":"product-type-simple"},"_links":{"self":[{"href":"https:\/\/casafreitas.pt\/loja\/wp-json\/wp\/v2\/product\/94160","targetHints":{"allow":["GET"]}}],"collection":[{"href":"https:\/\/casafreitas.pt\/loja\/wp-json\/wp\/v2\/product"}],"about":[{"href":"https:\/\/casafreitas.pt\/loja\/wp-json\/wp\/v2\/types\/product"}],"replies":[{"embeddable":true,"href":"https:\/\/casafreitas.pt\/loja\/wp-json\/wp\/v2\/comments?post=94160"}],"version-history":[{"count":1,"href":"https:\/\/casafreitas.pt\/loja\/wp-json\/wp\/v2\/product\/94160\/revisions"}],"predecessor-version":[{"id":94161,"href":"https:\/\/casafreitas.pt\/loja\/wp-json\/wp\/v2\/product\/94160\/revisions\/94161"}],"wp:featuredmedia":[{"embeddable":true,"href":"https:\/\/casafreitas.pt\/loja\/wp-json\/wp\/v2\/media\/94159"}],"wp:attachment":[{"href":"https:\/\/casafreitas.pt\/loja\/wp-json\/wp\/v2\/media?parent=94160"}],"wp:term":[{"taxonomy":"product_brand","embeddable":true,"href":"https:\/\/casafreitas.pt\/loja\/wp-json\/wp\/v2\/product_brand?post=94160"},{"taxonomy":"product_cat","embeddable":true,"href":"https:\/\/casafreitas.pt\/loja\/wp-json\/wp\/v2\/product_cat?post=94160"},{"taxonomy":"product_tag","embeddable":true,"href":"https:\/\/casafreitas.pt\/loja\/wp-json\/wp\/v2\/product_tag?post=94160"}],"curies":[{"name":"wp","href":"https:\/\/api.w.org\/{rel}","templated":true}]}}