{"id":94157,"date":"2025-09-28T20:47:27","date_gmt":"2025-09-28T20:47:27","guid":{"rendered":"https:\/\/casafreitas.pt\/loja\/produto\/candeeiro-3-elementos-limbali-gu10-lampada-nao-incluida-preto-293-x-13-cm\/"},"modified":"2025-10-24T01:01:38","modified_gmt":"2025-10-24T01:01:38","slug":"candeeiro-3-elementos-limbali-gu10-lampada-nao-incluida-preto-293-x-13-cm","status":"publish","type":"product","link":"https:\/\/casafreitas.pt\/loja\/produto\/candeeiro-3-elementos-limbali-gu10-lampada-nao-incluida-preto-293-x-13-cm\/","title":{"rendered":"Candeeiro de 3 elementos limbali gu10 (l\u00e2mpada n\u00e3o inclu\u00edda) preto \u00f8 29,3 x 13 cm"},"content":{"rendered":"","protected":false},"excerpt":{"rendered":"<p>Candeeiro de 3 elementos, limbali, gu10, l\u00e2mpadas n\u00e3o inclu\u00eddas, ip20, 220 &#8211; 240 v ~ 50\/60 hz. cabe\u00e7a de projetor ajust\u00e1vel, material: metal, cor: preto. dimens\u00f5es: \u00f829,3 x 13 cm<\/p>\n","protected":false},"featured_media":94156,"comment_status":"open","ping_status":"closed","template":"","meta":[],"product_brand":[],"product_cat":[17946,18008],"product_tag":[],"class_list":{"0":"post-94157","1":"product","2":"type-product","3":"status-publish","4":"has-post-thumbnail","6":"product_cat-focos-armaduras-iluminacao-2","7":"product_cat-iluminacao","9":"first","10":"instock","11":"taxable","12":"shipping-taxable","13":"purchasable","14":"product-type-simple"},"_links":{"self":[{"href":"https:\/\/casafreitas.pt\/loja\/wp-json\/wp\/v2\/product\/94157","targetHints":{"allow":["GET"]}}],"collection":[{"href":"https:\/\/casafreitas.pt\/loja\/wp-json\/wp\/v2\/product"}],"about":[{"href":"https:\/\/casafreitas.pt\/loja\/wp-json\/wp\/v2\/types\/product"}],"replies":[{"embeddable":true,"href":"https:\/\/casafreitas.pt\/loja\/wp-json\/wp\/v2\/comments?post=94157"}],"version-history":[{"count":1,"href":"https:\/\/casafreitas.pt\/loja\/wp-json\/wp\/v2\/product\/94157\/revisions"}],"predecessor-version":[{"id":94158,"href":"https:\/\/casafreitas.pt\/loja\/wp-json\/wp\/v2\/product\/94157\/revisions\/94158"}],"wp:featuredmedia":[{"embeddable":true,"href":"https:\/\/casafreitas.pt\/loja\/wp-json\/wp\/v2\/media\/94156"}],"wp:attachment":[{"href":"https:\/\/casafreitas.pt\/loja\/wp-json\/wp\/v2\/media?parent=94157"}],"wp:term":[{"taxonomy":"product_brand","embeddable":true,"href":"https:\/\/casafreitas.pt\/loja\/wp-json\/wp\/v2\/product_brand?post=94157"},{"taxonomy":"product_cat","embeddable":true,"href":"https:\/\/casafreitas.pt\/loja\/wp-json\/wp\/v2\/product_cat?post=94157"},{"taxonomy":"product_tag","embeddable":true,"href":"https:\/\/casafreitas.pt\/loja\/wp-json\/wp\/v2\/product_tag?post=94157"}],"curies":[{"name":"wp","href":"https:\/\/api.w.org\/{rel}","templated":true}]}}