{"id":94148,"date":"2025-09-28T20:46:48","date_gmt":"2025-09-28T20:46:48","guid":{"rendered":"https:\/\/casafreitas.pt\/loja\/produto\/candeeiro-3-elementos-meranti-gu10-lampada-nao-incluida-branco-o8-x-474-x-155-cm\/"},"modified":"2025-10-24T01:01:37","modified_gmt":"2025-10-24T01:01:37","slug":"candeeiro-3-elementos-meranti-gu10-lampada-nao-incluida-branco-o8-x-474-x-155-cm","status":"publish","type":"product","link":"https:\/\/casafreitas.pt\/loja\/produto\/candeeiro-3-elementos-meranti-gu10-lampada-nao-incluida-branco-o8-x-474-x-155-cm\/","title":{"rendered":"Candeeiro de 3 elementos meranti gu10 (l\u00e2mpada n\u00e3o inclu\u00edda) branco \u00f88 x 47,4 x 15,5 cm"},"content":{"rendered":"","protected":false},"excerpt":{"rendered":"<p>Candeeiro de 3 elementos meranti com casquilho gu10 (l\u00e2mpadas n\u00e3o inclu\u00eddas). grau de prote\u00e7\u00e3o ip20. tens\u00e3o: 220 &#8211; 240 v ~ 50\/60 hz. com cabe\u00e7a de projetor ajust\u00e1vel. material: metal. cor: branco. dimens\u00f5es: \u00f8 8 x 47,4 x 15,5 cm<\/p>\n","protected":false},"featured_media":94147,"comment_status":"open","ping_status":"closed","template":"","meta":[],"product_brand":[],"product_cat":[17946,18008],"product_tag":[],"class_list":{"0":"post-94148","1":"product","2":"type-product","3":"status-publish","4":"has-post-thumbnail","6":"product_cat-focos-armaduras-iluminacao-2","7":"product_cat-iluminacao","9":"first","10":"instock","11":"taxable","12":"shipping-taxable","13":"purchasable","14":"product-type-simple"},"_links":{"self":[{"href":"https:\/\/casafreitas.pt\/loja\/wp-json\/wp\/v2\/product\/94148","targetHints":{"allow":["GET"]}}],"collection":[{"href":"https:\/\/casafreitas.pt\/loja\/wp-json\/wp\/v2\/product"}],"about":[{"href":"https:\/\/casafreitas.pt\/loja\/wp-json\/wp\/v2\/types\/product"}],"replies":[{"embeddable":true,"href":"https:\/\/casafreitas.pt\/loja\/wp-json\/wp\/v2\/comments?post=94148"}],"version-history":[{"count":1,"href":"https:\/\/casafreitas.pt\/loja\/wp-json\/wp\/v2\/product\/94148\/revisions"}],"predecessor-version":[{"id":94149,"href":"https:\/\/casafreitas.pt\/loja\/wp-json\/wp\/v2\/product\/94148\/revisions\/94149"}],"wp:featuredmedia":[{"embeddable":true,"href":"https:\/\/casafreitas.pt\/loja\/wp-json\/wp\/v2\/media\/94147"}],"wp:attachment":[{"href":"https:\/\/casafreitas.pt\/loja\/wp-json\/wp\/v2\/media?parent=94148"}],"wp:term":[{"taxonomy":"product_brand","embeddable":true,"href":"https:\/\/casafreitas.pt\/loja\/wp-json\/wp\/v2\/product_brand?post=94148"},{"taxonomy":"product_cat","embeddable":true,"href":"https:\/\/casafreitas.pt\/loja\/wp-json\/wp\/v2\/product_cat?post=94148"},{"taxonomy":"product_tag","embeddable":true,"href":"https:\/\/casafreitas.pt\/loja\/wp-json\/wp\/v2\/product_tag?post=94148"}],"curies":[{"name":"wp","href":"https:\/\/api.w.org\/{rel}","templated":true}]}}