{"id":94103,"date":"2025-09-28T20:43:27","date_gmt":"2025-09-28T20:43:27","guid":{"rendered":"https:\/\/casafreitas.pt\/loja\/produto\/candeeiro-com-mola-para-fixacao-modelo-tokyo-e14-40w-cor-preto-edm\/"},"modified":"2025-10-24T01:01:34","modified_gmt":"2025-10-24T01:01:34","slug":"candeeiro-com-mola-para-fixacao-modelo-tokyo-e14-40w-cor-preto-edm","status":"publish","type":"product","link":"https:\/\/casafreitas.pt\/loja\/produto\/candeeiro-com-mola-para-fixacao-modelo-tokyo-e14-40w-cor-preto-edm\/","title":{"rendered":"Candeeiro com mola para fixa\u00e7\u00e3o modelo tokyo e14 40w cor preto edm"},"content":{"rendered":"","protected":false},"excerpt":{"rendered":"<p>Candeeiro com mola para fixa\u00e7\u00e3o modelo tokyo e14 cor preto. medidas: 11,6x45cm (profundidade\/altura) pot\u00eancia m\u00e1xima: 40w. tens\u00e3o: 220-240v 50hz ce edm<\/p>\n","protected":false},"featured_media":94102,"comment_status":"open","ping_status":"closed","template":"","meta":[],"product_brand":[],"product_cat":[17944,18008],"product_tag":[],"class_list":{"0":"post-94103","1":"product","2":"type-product","3":"status-publish","4":"has-post-thumbnail","6":"product_cat-flexos-iluminacao-2","7":"product_cat-iluminacao","9":"first","10":"instock","11":"taxable","12":"shipping-taxable","13":"purchasable","14":"product-type-simple"},"_links":{"self":[{"href":"https:\/\/casafreitas.pt\/loja\/wp-json\/wp\/v2\/product\/94103","targetHints":{"allow":["GET"]}}],"collection":[{"href":"https:\/\/casafreitas.pt\/loja\/wp-json\/wp\/v2\/product"}],"about":[{"href":"https:\/\/casafreitas.pt\/loja\/wp-json\/wp\/v2\/types\/product"}],"replies":[{"embeddable":true,"href":"https:\/\/casafreitas.pt\/loja\/wp-json\/wp\/v2\/comments?post=94103"}],"version-history":[{"count":1,"href":"https:\/\/casafreitas.pt\/loja\/wp-json\/wp\/v2\/product\/94103\/revisions"}],"predecessor-version":[{"id":94104,"href":"https:\/\/casafreitas.pt\/loja\/wp-json\/wp\/v2\/product\/94103\/revisions\/94104"}],"wp:featuredmedia":[{"embeddable":true,"href":"https:\/\/casafreitas.pt\/loja\/wp-json\/wp\/v2\/media\/94102"}],"wp:attachment":[{"href":"https:\/\/casafreitas.pt\/loja\/wp-json\/wp\/v2\/media?parent=94103"}],"wp:term":[{"taxonomy":"product_brand","embeddable":true,"href":"https:\/\/casafreitas.pt\/loja\/wp-json\/wp\/v2\/product_brand?post=94103"},{"taxonomy":"product_cat","embeddable":true,"href":"https:\/\/casafreitas.pt\/loja\/wp-json\/wp\/v2\/product_cat?post=94103"},{"taxonomy":"product_tag","embeddable":true,"href":"https:\/\/casafreitas.pt\/loja\/wp-json\/wp\/v2\/product_tag?post=94103"}],"curies":[{"name":"wp","href":"https:\/\/api.w.org\/{rel}","templated":true}]}}