{"id":94079,"date":"2025-09-28T20:41:40","date_gmt":"2025-09-28T20:41:40","guid":{"rendered":"https:\/\/casafreitas.pt\/loja\/produto\/farol-solar-poliresina\/"},"modified":"2025-10-24T01:01:33","modified_gmt":"2025-10-24T01:01:33","slug":"farol-solar-poliresina","status":"publish","type":"product","link":"https:\/\/casafreitas.pt\/loja\/produto\/farol-solar-poliresina\/","title":{"rendered":"Farol solar de poliresina"},"content":{"rendered":"","protected":false},"excerpt":{"rendered":"<p>Farol solar de poliresina. com luz fixa branca quente. cont\u00e9m bateria de 1,2 v 300 mah e painel solar de 2 v. com interruptor liga\/desliga, liga automaticamente \u00e0s escuras. dura\u00e7\u00e3o estimada da bateria 6 h. bateria substitu\u00edvel<\/p>\n","protected":false},"featured_media":94078,"comment_status":"open","ping_status":"closed","template":"","meta":[],"product_brand":[],"product_cat":[17942,18008],"product_tag":[],"class_list":{"0":"post-94079","1":"product","2":"type-product","3":"status-publish","4":"has-post-thumbnail","6":"product_cat-estacas-tochas-farois-solares-iluminacao-2","7":"product_cat-iluminacao","9":"first","10":"instock","11":"taxable","12":"shipping-taxable","13":"purchasable","14":"product-type-simple"},"_links":{"self":[{"href":"https:\/\/casafreitas.pt\/loja\/wp-json\/wp\/v2\/product\/94079","targetHints":{"allow":["GET"]}}],"collection":[{"href":"https:\/\/casafreitas.pt\/loja\/wp-json\/wp\/v2\/product"}],"about":[{"href":"https:\/\/casafreitas.pt\/loja\/wp-json\/wp\/v2\/types\/product"}],"replies":[{"embeddable":true,"href":"https:\/\/casafreitas.pt\/loja\/wp-json\/wp\/v2\/comments?post=94079"}],"version-history":[{"count":1,"href":"https:\/\/casafreitas.pt\/loja\/wp-json\/wp\/v2\/product\/94079\/revisions"}],"predecessor-version":[{"id":94080,"href":"https:\/\/casafreitas.pt\/loja\/wp-json\/wp\/v2\/product\/94079\/revisions\/94080"}],"wp:featuredmedia":[{"embeddable":true,"href":"https:\/\/casafreitas.pt\/loja\/wp-json\/wp\/v2\/media\/94078"}],"wp:attachment":[{"href":"https:\/\/casafreitas.pt\/loja\/wp-json\/wp\/v2\/media?parent=94079"}],"wp:term":[{"taxonomy":"product_brand","embeddable":true,"href":"https:\/\/casafreitas.pt\/loja\/wp-json\/wp\/v2\/product_brand?post=94079"},{"taxonomy":"product_cat","embeddable":true,"href":"https:\/\/casafreitas.pt\/loja\/wp-json\/wp\/v2\/product_cat?post=94079"},{"taxonomy":"product_tag","embeddable":true,"href":"https:\/\/casafreitas.pt\/loja\/wp-json\/wp\/v2\/product_tag?post=94079"}],"curies":[{"name":"wp","href":"https:\/\/api.w.org\/{rel}","templated":true}]}}