{"id":94067,"date":"2025-09-28T20:40:49","date_gmt":"2025-09-28T20:40:49","guid":{"rendered":"https:\/\/casafreitas.pt\/loja\/produto\/cao-luz-solar-varios-modelos\/"},"modified":"2025-10-24T01:01:32","modified_gmt":"2025-10-24T01:01:32","slug":"cao-luz-solar-varios-modelos","status":"publish","type":"product","link":"https:\/\/casafreitas.pt\/loja\/produto\/cao-luz-solar-varios-modelos\/","title":{"rendered":"C\u00e3o de luz solar, v\u00e1rios modelos"},"content":{"rendered":"","protected":false},"excerpt":{"rendered":"<p>Figura de c\u00e3o, luz solar, variedade de modelos. com luz fixa branca fria. cont\u00e9m 1 bateria ni-mh40mah e painel solar. com interruptor liga\/desliga, liga automaticamente \u00e0s escuras. autonomia 6 h<\/p>\n","protected":false},"featured_media":94066,"comment_status":"open","ping_status":"closed","template":"","meta":[],"product_brand":[],"product_cat":[17940,18008],"product_tag":[],"class_list":{"0":"post-94067","1":"product","2":"type-product","3":"status-publish","4":"has-post-thumbnail","6":"product_cat-decoracao-de-jardim-solar-iluminacao-2","7":"product_cat-iluminacao","9":"first","10":"instock","11":"taxable","12":"shipping-taxable","13":"purchasable","14":"product-type-simple"},"_links":{"self":[{"href":"https:\/\/casafreitas.pt\/loja\/wp-json\/wp\/v2\/product\/94067","targetHints":{"allow":["GET"]}}],"collection":[{"href":"https:\/\/casafreitas.pt\/loja\/wp-json\/wp\/v2\/product"}],"about":[{"href":"https:\/\/casafreitas.pt\/loja\/wp-json\/wp\/v2\/types\/product"}],"replies":[{"embeddable":true,"href":"https:\/\/casafreitas.pt\/loja\/wp-json\/wp\/v2\/comments?post=94067"}],"version-history":[{"count":1,"href":"https:\/\/casafreitas.pt\/loja\/wp-json\/wp\/v2\/product\/94067\/revisions"}],"predecessor-version":[{"id":94068,"href":"https:\/\/casafreitas.pt\/loja\/wp-json\/wp\/v2\/product\/94067\/revisions\/94068"}],"wp:featuredmedia":[{"embeddable":true,"href":"https:\/\/casafreitas.pt\/loja\/wp-json\/wp\/v2\/media\/94066"}],"wp:attachment":[{"href":"https:\/\/casafreitas.pt\/loja\/wp-json\/wp\/v2\/media?parent=94067"}],"wp:term":[{"taxonomy":"product_brand","embeddable":true,"href":"https:\/\/casafreitas.pt\/loja\/wp-json\/wp\/v2\/product_brand?post=94067"},{"taxonomy":"product_cat","embeddable":true,"href":"https:\/\/casafreitas.pt\/loja\/wp-json\/wp\/v2\/product_cat?post=94067"},{"taxonomy":"product_tag","embeddable":true,"href":"https:\/\/casafreitas.pt\/loja\/wp-json\/wp\/v2\/product_tag?post=94067"}],"curies":[{"name":"wp","href":"https:\/\/api.w.org\/{rel}","templated":true}]}}