{"id":94058,"date":"2025-09-28T20:40:11","date_gmt":"2025-09-28T20:40:11","guid":{"rendered":"https:\/\/casafreitas.pt\/loja\/produto\/guirlanda-solar-colorida\/"},"modified":"2025-10-24T01:01:32","modified_gmt":"2025-10-24T01:01:32","slug":"guirlanda-solar-colorida","status":"publish","type":"product","link":"https:\/\/casafreitas.pt\/loja\/produto\/guirlanda-solar-colorida\/","title":{"rendered":"Guirlanda solar colorida"},"content":{"rendered":"","protected":false},"excerpt":{"rendered":"<p>Guirlanda solar colorida de 4,5 m, 10 leds brancos quentes, luz fixa; 50 cm entre os leds. bolinhas de nylon de \u00f8 7,5 cm. cont\u00e9m bateria de 1,2 v e painel solar de 2 v. sem ficha. dura\u00e7\u00e3o estimada da bateria: 6 h. igni\u00e7\u00e3o autom\u00e1tica no escuro. com interruptor de igni\u00e7\u00e3o. cabo de 3 m<\/p>\n","protected":false},"featured_media":94057,"comment_status":"open","ping_status":"closed","template":"","meta":[],"product_brand":[],"product_cat":[17949,18008],"product_tag":[],"class_list":{"0":"post-94058","1":"product","2":"type-product","3":"status-publish","4":"has-post-thumbnail","6":"product_cat-guirlandas-solares-iluminacao","7":"product_cat-iluminacao","9":"first","10":"instock","11":"taxable","12":"shipping-taxable","13":"purchasable","14":"product-type-simple"},"_links":{"self":[{"href":"https:\/\/casafreitas.pt\/loja\/wp-json\/wp\/v2\/product\/94058","targetHints":{"allow":["GET"]}}],"collection":[{"href":"https:\/\/casafreitas.pt\/loja\/wp-json\/wp\/v2\/product"}],"about":[{"href":"https:\/\/casafreitas.pt\/loja\/wp-json\/wp\/v2\/types\/product"}],"replies":[{"embeddable":true,"href":"https:\/\/casafreitas.pt\/loja\/wp-json\/wp\/v2\/comments?post=94058"}],"version-history":[{"count":1,"href":"https:\/\/casafreitas.pt\/loja\/wp-json\/wp\/v2\/product\/94058\/revisions"}],"predecessor-version":[{"id":94059,"href":"https:\/\/casafreitas.pt\/loja\/wp-json\/wp\/v2\/product\/94058\/revisions\/94059"}],"wp:featuredmedia":[{"embeddable":true,"href":"https:\/\/casafreitas.pt\/loja\/wp-json\/wp\/v2\/media\/94057"}],"wp:attachment":[{"href":"https:\/\/casafreitas.pt\/loja\/wp-json\/wp\/v2\/media?parent=94058"}],"wp:term":[{"taxonomy":"product_brand","embeddable":true,"href":"https:\/\/casafreitas.pt\/loja\/wp-json\/wp\/v2\/product_brand?post=94058"},{"taxonomy":"product_cat","embeddable":true,"href":"https:\/\/casafreitas.pt\/loja\/wp-json\/wp\/v2\/product_cat?post=94058"},{"taxonomy":"product_tag","embeddable":true,"href":"https:\/\/casafreitas.pt\/loja\/wp-json\/wp\/v2\/product_tag?post=94058"}],"curies":[{"name":"wp","href":"https:\/\/api.w.org\/{rel}","templated":true}]}}