{"id":94052,"date":"2025-09-28T20:39:44","date_gmt":"2025-09-28T20:39:44","guid":{"rendered":"https:\/\/casafreitas.pt\/loja\/produto\/lampada-solar-decorativa-cores-variadas\/"},"modified":"2025-10-24T01:01:31","modified_gmt":"2025-10-24T01:01:31","slug":"lampada-solar-decorativa-cores-variadas","status":"publish","type":"product","link":"https:\/\/casafreitas.pt\/loja\/produto\/lampada-solar-decorativa-cores-variadas\/","title":{"rendered":"L\u00e2mpada solar decorativa. cores variadas"},"content":{"rendered":"","protected":false},"excerpt":{"rendered":"<p>L\u00e2mpada solar decorativa. cores variadas. luz branca quente. cont\u00e9m bateria de 1,2 v. cont\u00e9m painel solar de 1,8 v. dura\u00e7\u00e3o estimada da bateria 6 h<\/p>\n","protected":false},"featured_media":94051,"comment_status":"open","ping_status":"closed","template":"","meta":[],"product_brand":[],"product_cat":[17949,18008],"product_tag":[],"class_list":{"0":"post-94052","1":"product","2":"type-product","3":"status-publish","4":"has-post-thumbnail","6":"product_cat-guirlandas-solares-iluminacao","7":"product_cat-iluminacao","9":"first","10":"instock","11":"taxable","12":"shipping-taxable","13":"purchasable","14":"product-type-simple"},"_links":{"self":[{"href":"https:\/\/casafreitas.pt\/loja\/wp-json\/wp\/v2\/product\/94052","targetHints":{"allow":["GET"]}}],"collection":[{"href":"https:\/\/casafreitas.pt\/loja\/wp-json\/wp\/v2\/product"}],"about":[{"href":"https:\/\/casafreitas.pt\/loja\/wp-json\/wp\/v2\/types\/product"}],"replies":[{"embeddable":true,"href":"https:\/\/casafreitas.pt\/loja\/wp-json\/wp\/v2\/comments?post=94052"}],"version-history":[{"count":1,"href":"https:\/\/casafreitas.pt\/loja\/wp-json\/wp\/v2\/product\/94052\/revisions"}],"predecessor-version":[{"id":94053,"href":"https:\/\/casafreitas.pt\/loja\/wp-json\/wp\/v2\/product\/94052\/revisions\/94053"}],"wp:featuredmedia":[{"embeddable":true,"href":"https:\/\/casafreitas.pt\/loja\/wp-json\/wp\/v2\/media\/94051"}],"wp:attachment":[{"href":"https:\/\/casafreitas.pt\/loja\/wp-json\/wp\/v2\/media?parent=94052"}],"wp:term":[{"taxonomy":"product_brand","embeddable":true,"href":"https:\/\/casafreitas.pt\/loja\/wp-json\/wp\/v2\/product_brand?post=94052"},{"taxonomy":"product_cat","embeddable":true,"href":"https:\/\/casafreitas.pt\/loja\/wp-json\/wp\/v2\/product_cat?post=94052"},{"taxonomy":"product_tag","embeddable":true,"href":"https:\/\/casafreitas.pt\/loja\/wp-json\/wp\/v2\/product_tag?post=94052"}],"curies":[{"name":"wp","href":"https:\/\/api.w.org\/{rel}","templated":true}]}}