{"id":94049,"date":"2025-09-28T20:39:32","date_gmt":"2025-09-28T20:39:32","guid":{"rendered":"https:\/\/casafreitas.pt\/loja\/produto\/guirlanda-luz-solar-cesta-cor-madeira\/"},"modified":"2025-10-24T01:01:31","modified_gmt":"2025-10-24T01:01:31","slug":"guirlanda-luz-solar-cesta-cor-madeira","status":"publish","type":"product","link":"https:\/\/casafreitas.pt\/loja\/produto\/guirlanda-luz-solar-cesta-cor-madeira\/","title":{"rendered":"Guirlanda de luz solar, cesta cor de madeira"},"content":{"rendered":"","protected":false},"excerpt":{"rendered":"<p>Corda de luz solar, para exterior ip44, 10 leds, luz branca quente, 3 im. em formato de cestos cor de madeira, com 7 cm de altura. cabo de alimenta\u00e7\u00e3o 3 m, dist\u00e2ncia entre leds 50 cm. comprimento total 4,5 m. interruptor liga\/desliga. sem ficha, liga autom\u00e1tica no escuro. inclui 1 x bateria recarreg\u00e1vel aa 400 mah (bateria substitu\u00edvel), aproximadamente 6 horas de dura\u00e7\u00e3o da bateria<\/p>\n","protected":false},"featured_media":94048,"comment_status":"open","ping_status":"closed","template":"","meta":[],"product_brand":[],"product_cat":[17949,18008],"product_tag":[],"class_list":{"0":"post-94049","1":"product","2":"type-product","3":"status-publish","4":"has-post-thumbnail","6":"product_cat-guirlandas-solares-iluminacao","7":"product_cat-iluminacao","9":"first","10":"instock","11":"taxable","12":"shipping-taxable","13":"purchasable","14":"product-type-simple"},"_links":{"self":[{"href":"https:\/\/casafreitas.pt\/loja\/wp-json\/wp\/v2\/product\/94049","targetHints":{"allow":["GET"]}}],"collection":[{"href":"https:\/\/casafreitas.pt\/loja\/wp-json\/wp\/v2\/product"}],"about":[{"href":"https:\/\/casafreitas.pt\/loja\/wp-json\/wp\/v2\/types\/product"}],"replies":[{"embeddable":true,"href":"https:\/\/casafreitas.pt\/loja\/wp-json\/wp\/v2\/comments?post=94049"}],"version-history":[{"count":1,"href":"https:\/\/casafreitas.pt\/loja\/wp-json\/wp\/v2\/product\/94049\/revisions"}],"predecessor-version":[{"id":94050,"href":"https:\/\/casafreitas.pt\/loja\/wp-json\/wp\/v2\/product\/94049\/revisions\/94050"}],"wp:featuredmedia":[{"embeddable":true,"href":"https:\/\/casafreitas.pt\/loja\/wp-json\/wp\/v2\/media\/94048"}],"wp:attachment":[{"href":"https:\/\/casafreitas.pt\/loja\/wp-json\/wp\/v2\/media?parent=94049"}],"wp:term":[{"taxonomy":"product_brand","embeddable":true,"href":"https:\/\/casafreitas.pt\/loja\/wp-json\/wp\/v2\/product_brand?post=94049"},{"taxonomy":"product_cat","embeddable":true,"href":"https:\/\/casafreitas.pt\/loja\/wp-json\/wp\/v2\/product_cat?post=94049"},{"taxonomy":"product_tag","embeddable":true,"href":"https:\/\/casafreitas.pt\/loja\/wp-json\/wp\/v2\/product_tag?post=94049"}],"curies":[{"name":"wp","href":"https:\/\/api.w.org\/{rel}","templated":true}]}}