{"id":94046,"date":"2025-09-28T20:39:16","date_gmt":"2025-09-28T20:39:16","guid":{"rendered":"https:\/\/casafreitas.pt\/loja\/produto\/lanterna-solar-em-plastico-4-cores-variadas\/"},"modified":"2025-10-24T01:01:31","modified_gmt":"2025-10-24T01:01:31","slug":"lanterna-solar-em-plastico-4-cores-variadas","status":"publish","type":"product","link":"https:\/\/casafreitas.pt\/loja\/produto\/lanterna-solar-em-plastico-4-cores-variadas\/","title":{"rendered":"Lanterna solar em pl\u00e1stico 4 cores variadas"},"content":{"rendered":"","protected":false},"excerpt":{"rendered":"<p>Lanterna solar em pl\u00e1stico em 4 cores variadas, ip44. inclui bateria. 1 x aaa 200 mah 1,2 v (pilha substitu\u00edvel). cor do led: branco quente, com interruptor. dura\u00e7\u00e3o estimada da bateria: 6 horas. cont\u00e9m painel solar 2 v. liga\u00e7\u00e3o autom\u00e1tica no escuro<\/p>\n","protected":false},"featured_media":94045,"comment_status":"open","ping_status":"closed","template":"","meta":[],"product_brand":[],"product_cat":[17953,18008],"product_tag":[],"class_list":{"0":"post-94046","1":"product","2":"type-product","3":"status-publish","4":"has-post-thumbnail","6":"product_cat-iluminacao-solar-iluminacao-2","7":"product_cat-iluminacao","9":"first","10":"instock","11":"taxable","12":"shipping-taxable","13":"purchasable","14":"product-type-simple"},"_links":{"self":[{"href":"https:\/\/casafreitas.pt\/loja\/wp-json\/wp\/v2\/product\/94046","targetHints":{"allow":["GET"]}}],"collection":[{"href":"https:\/\/casafreitas.pt\/loja\/wp-json\/wp\/v2\/product"}],"about":[{"href":"https:\/\/casafreitas.pt\/loja\/wp-json\/wp\/v2\/types\/product"}],"replies":[{"embeddable":true,"href":"https:\/\/casafreitas.pt\/loja\/wp-json\/wp\/v2\/comments?post=94046"}],"version-history":[{"count":1,"href":"https:\/\/casafreitas.pt\/loja\/wp-json\/wp\/v2\/product\/94046\/revisions"}],"predecessor-version":[{"id":94047,"href":"https:\/\/casafreitas.pt\/loja\/wp-json\/wp\/v2\/product\/94046\/revisions\/94047"}],"wp:featuredmedia":[{"embeddable":true,"href":"https:\/\/casafreitas.pt\/loja\/wp-json\/wp\/v2\/media\/94045"}],"wp:attachment":[{"href":"https:\/\/casafreitas.pt\/loja\/wp-json\/wp\/v2\/media?parent=94046"}],"wp:term":[{"taxonomy":"product_brand","embeddable":true,"href":"https:\/\/casafreitas.pt\/loja\/wp-json\/wp\/v2\/product_brand?post=94046"},{"taxonomy":"product_cat","embeddable":true,"href":"https:\/\/casafreitas.pt\/loja\/wp-json\/wp\/v2\/product_cat?post=94046"},{"taxonomy":"product_tag","embeddable":true,"href":"https:\/\/casafreitas.pt\/loja\/wp-json\/wp\/v2\/product_tag?post=94046"}],"curies":[{"name":"wp","href":"https:\/\/api.w.org\/{rel}","templated":true}]}}