{"id":94040,"date":"2025-09-28T20:38:47","date_gmt":"2025-09-28T20:38:47","guid":{"rendered":"https:\/\/casafreitas.pt\/loja\/produto\/figura-cao-luz-solar-para-pendurar-varios-modelos\/"},"modified":"2025-10-24T01:01:30","modified_gmt":"2025-10-24T01:01:30","slug":"figura-cao-luz-solar-para-pendurar-varios-modelos","status":"publish","type":"product","link":"https:\/\/casafreitas.pt\/loja\/produto\/figura-cao-luz-solar-para-pendurar-varios-modelos\/","title":{"rendered":"Figura de c\u00e3o de luz solar para pendurar, v\u00e1rios modelos"},"content":{"rendered":"","protected":false},"excerpt":{"rendered":"<p>Luz solar pendurada em formato de c\u00e3o, v\u00e1rios modelos, com luz fixa branca quente. cont\u00e9m 1 bateria ni-mh 40mah e painel solar. com interruptor liga\/desliga, liga automaticamente \u00e0s escuras. autonomia 6 h. material: ferro. medidas: 15 x 10 cm<\/p>\n","protected":false},"featured_media":94039,"comment_status":"open","ping_status":"closed","template":"","meta":[],"product_brand":[],"product_cat":[17940,18008],"product_tag":[],"class_list":{"0":"post-94040","1":"product","2":"type-product","3":"status-publish","4":"has-post-thumbnail","6":"product_cat-decoracao-de-jardim-solar-iluminacao-2","7":"product_cat-iluminacao","9":"first","10":"instock","11":"taxable","12":"shipping-taxable","13":"purchasable","14":"product-type-simple"},"_links":{"self":[{"href":"https:\/\/casafreitas.pt\/loja\/wp-json\/wp\/v2\/product\/94040","targetHints":{"allow":["GET"]}}],"collection":[{"href":"https:\/\/casafreitas.pt\/loja\/wp-json\/wp\/v2\/product"}],"about":[{"href":"https:\/\/casafreitas.pt\/loja\/wp-json\/wp\/v2\/types\/product"}],"replies":[{"embeddable":true,"href":"https:\/\/casafreitas.pt\/loja\/wp-json\/wp\/v2\/comments?post=94040"}],"version-history":[{"count":1,"href":"https:\/\/casafreitas.pt\/loja\/wp-json\/wp\/v2\/product\/94040\/revisions"}],"predecessor-version":[{"id":94041,"href":"https:\/\/casafreitas.pt\/loja\/wp-json\/wp\/v2\/product\/94040\/revisions\/94041"}],"wp:featuredmedia":[{"embeddable":true,"href":"https:\/\/casafreitas.pt\/loja\/wp-json\/wp\/v2\/media\/94039"}],"wp:attachment":[{"href":"https:\/\/casafreitas.pt\/loja\/wp-json\/wp\/v2\/media?parent=94040"}],"wp:term":[{"taxonomy":"product_brand","embeddable":true,"href":"https:\/\/casafreitas.pt\/loja\/wp-json\/wp\/v2\/product_brand?post=94040"},{"taxonomy":"product_cat","embeddable":true,"href":"https:\/\/casafreitas.pt\/loja\/wp-json\/wp\/v2\/product_cat?post=94040"},{"taxonomy":"product_tag","embeddable":true,"href":"https:\/\/casafreitas.pt\/loja\/wp-json\/wp\/v2\/product_tag?post=94040"}],"curies":[{"name":"wp","href":"https:\/\/api.w.org\/{rel}","templated":true}]}}